{"id":141379,"date":"2025-07-20T13:53:54","date_gmt":"2025-07-20T11:53:54","guid":{"rendered":"https:\/\/www.bolzanodanza.it\/?page_id=141379"},"modified":"2025-07-20T14:19:39","modified_gmt":"2025-07-20T12:19:39","slug":"matteo-sedda-fuck-me-blind-preview","status":"publish","type":"page","link":"https:\/\/www.bolzanodanza.it\/en\/matteo-sedda-fuck-me-blind-preview","title":{"rendered":"MATTEO SEDDA &#8211; FUCK ME BLIND &#8211; Preview"},"content":{"rendered":"<p>The duo <strong>FUCK ME BLIND<\/strong> is inspired by Blue, the last autobiographical film made by Derek Jarman just months before his death from AIDS. In it, Jarman, almost completely blind, confronts his impending death while affirming his will to live. The \u201cInternational Klein Blue\u201d, a color deeply significant to the director and the only image shown in the film, serves as the starting point for this choreography, in which the bodies spin endlessly toward infinity. Using the same non-narrative means as the film, <strong>FUCK ME BLIND<\/strong> evokes a hypnotic experience against the backdrop of a homoerotic landscape and through aesthetic codes reminiscent of a homoerotic folk dance. The dance of the two bodies symbolizes the opposing yet inseparable forces of Eros and Thanatos, and reinforces the director\u2019s assertion of existence.<\/p>\n<p>&nbsp;<\/p>\n<p data-start=\"73\" data-end=\"511\"><strong data-start=\"73\" data-end=\"89\">Matteo Sedda<\/strong> is a choreographer, dancer, and activist from Sardinia. He works as a freelancer for various artists, including Jan Fabre, Enzo Cosimi, A\u00efda Gabri\u00ebls, and Igor x Moreno. Since 2018, his choreographic work has been strongly influenced by his HIV diagnosis. By exploring the concepts of desire and vulnerability, he engages with AIDS in a new way and renews the dialogue between historical memory and artistic reflection. His first solo, POZ!, in which he came out as HIV-positive, became an artistic manifesto. FUCK ME BLIND, winner of DNAppunti Coreografici 2024, will premiere on October 19, 2025, at the Romaeuropa Festival.<\/p>\n<p>&nbsp;<\/p>\n<p>CREDITS<br \/>\nConcept and Direction: <strong>Matteo Sedda<\/strong> \/ Choreography and Performance: <strong>Marco Labellarte, Matteo Sedda <\/strong>\/ Sound: <strong>Gio Megrelishvili\u00a0<\/strong>\/ Dramaturgy and Lighting Design: <strong>Margherita Scalise <\/strong>\/ Costume Design: <strong>Maarten Van Mulken <\/strong>\/ Mentoring: <strong>Igor Urzelai Hernando, Moreno Solinas <\/strong>\/ Production: Fuorimargine &#8211; <strong>Centro di Produzione di Danza e Arti Performative della Sardegna <\/strong>\/ Co-production: <strong>Th\u00e9\u00e2tre de Vanves, Sc\u00e8ne conventionn\u00e9e d\u2019int\u00e9r\u00eat national <\/strong>\/ With the support of: <strong>Grand Studio (BE) <\/strong>\/ Winner of: <strong>DNAppunti Coreografici<\/strong> \/ supported and promoted by:\u00a0<strong>Fondazione Romaeuropa, Gender Bender Festival, Triennale Milano Teatro, Centro Nazionale di produzione della danza Virgilio Sieni, Operaestate Festival\/Centro per la scena contemporanea, Bassano del Grappa, und L\u02bcarboreto \u2013 Teatro Dimora di Mondain<\/strong><\/p>\n<p>&nbsp;<\/p>\n<p>In collaboration with <strong>DNA Appunti Coreografici &#8211; Romaeuropa Festival\u00a0<\/strong><\/p>\n","protected":false},"excerpt":{"rendered":"<p>The duo FUCK ME BLIND is inspired by Blue, the last autobiographical film made by Derek Jarman just months before his death from AIDS. In it, Jarman, almost completely blind, confronts his impending death while affirming his will to live. The \u201cInternational Klein Blue\u201d, a color deeply significant to the director and the only image [&hellip;]<\/p>\n","protected":false},"author":11,"featured_media":0,"parent":0,"menu_order":0,"comment_status":"closed","ping_status":"closed","template":"","meta":{"_acf_changed":false,"footnotes":""},"class_list":["post-141379","page","type-page","status-publish","hentry"],"acf":[],"yoast_head":"<!-- This site is optimized with the Yoast SEO plugin v26.8 - https:\/\/yoast.com\/product\/yoast-seo-wordpress\/ -->\n<title>MATTEO SEDDA - FUCK ME BLIND - Preview - Bolzano Danza<\/title>\n<meta name=\"robots\" content=\"index, follow, max-snippet:-1, max-image-preview:large, max-video-preview:-1\" \/>\n<meta property=\"og:locale\" content=\"en_US\" \/>\n<meta property=\"og:type\" content=\"article\" \/>\n<meta property=\"og:title\" content=\"MATTEO SEDDA - FUCK ME BLIND - Preview - Bolzano Danza\" \/>\n<meta property=\"og:description\" content=\"The duo FUCK ME BLIND is inspired by Blue, the last autobiographical film made by Derek Jarman just months before his death from AIDS. In it, Jarman, almost completely blind, confronts his impending death while affirming his will to live. The \u201cInternational Klein Blue\u201d, a color deeply significant to the director and the only image [&hellip;]\" \/>\n<meta property=\"og:url\" content=\"https:\/\/www.bolzanodanza.it\/en\/matteo-sedda-fuck-me-blind-preview\" \/>\n<meta property=\"og:site_name\" content=\"Bolzano Danza\" \/>\n<meta property=\"article:modified_time\" content=\"2025-07-20T12:19:39+00:00\" \/>\n<meta property=\"og:image\" content=\"https:\/\/www.bolzanodanza.it\/wp-content\/uploads\/2022\/05\/haydn-bolzano-danza-2022.jpg\" \/>\n\t<meta property=\"og:image:width\" content=\"2250\" \/>\n\t<meta property=\"og:image:height\" content=\"1260\" \/>\n\t<meta property=\"og:image:type\" content=\"image\/jpeg\" \/>\n<meta name=\"twitter:card\" content=\"summary_large_image\" \/>\n<meta name=\"twitter:label1\" content=\"Est. reading time\" \/>\n\t<meta name=\"twitter:data1\" content=\"2 minutes\" \/>\n<script type=\"application\/ld+json\" class=\"yoast-schema-graph\">{\"@context\":\"https:\/\/schema.org\",\"@graph\":[{\"@type\":\"WebPage\",\"@id\":\"https:\/\/www.bolzanodanza.it\/en\/matteo-sedda-fuck-me-blind-preview\",\"url\":\"https:\/\/www.bolzanodanza.it\/en\/matteo-sedda-fuck-me-blind-preview\",\"name\":\"MATTEO SEDDA - FUCK ME BLIND - Preview - Bolzano Danza\",\"isPartOf\":{\"@id\":\"https:\/\/www.bolzanodanza.it\/en#website\"},\"datePublished\":\"2025-07-20T11:53:54+00:00\",\"dateModified\":\"2025-07-20T12:19:39+00:00\",\"breadcrumb\":{\"@id\":\"https:\/\/www.bolzanodanza.it\/en\/matteo-sedda-fuck-me-blind-preview#breadcrumb\"},\"inLanguage\":\"en-US\",\"potentialAction\":[{\"@type\":\"ReadAction\",\"target\":[\"https:\/\/www.bolzanodanza.it\/en\/matteo-sedda-fuck-me-blind-preview\"]}]},{\"@type\":\"BreadcrumbList\",\"@id\":\"https:\/\/www.bolzanodanza.it\/en\/matteo-sedda-fuck-me-blind-preview#breadcrumb\",\"itemListElement\":[{\"@type\":\"ListItem\",\"position\":1,\"name\":\"Home\",\"item\":\"https:\/\/www.bolzanodanza.it\/en\"},{\"@type\":\"ListItem\",\"position\":2,\"name\":\"MATTEO SEDDA &#8211; FUCK ME BLIND &#8211; Preview\"}]},{\"@type\":\"WebSite\",\"@id\":\"https:\/\/www.bolzanodanza.it\/en#website\",\"url\":\"https:\/\/www.bolzanodanza.it\/en\",\"name\":\"Bolzano Danza\",\"description\":\"Haydn Foundation\",\"potentialAction\":[{\"@type\":\"SearchAction\",\"target\":{\"@type\":\"EntryPoint\",\"urlTemplate\":\"https:\/\/www.bolzanodanza.it\/en?s={search_term_string}\"},\"query-input\":{\"@type\":\"PropertyValueSpecification\",\"valueRequired\":true,\"valueName\":\"search_term_string\"}}],\"inLanguage\":\"en-US\"}]}<\/script>\n<!-- \/ Yoast SEO plugin. -->","yoast_head_json":{"title":"MATTEO SEDDA - FUCK ME BLIND - Preview - Bolzano Danza","robots":{"index":"index","follow":"follow","max-snippet":"max-snippet:-1","max-image-preview":"max-image-preview:large","max-video-preview":"max-video-preview:-1"},"og_locale":"en_US","og_type":"article","og_title":"MATTEO SEDDA - FUCK ME BLIND - Preview - Bolzano Danza","og_description":"The duo FUCK ME BLIND is inspired by Blue, the last autobiographical film made by Derek Jarman just months before his death from AIDS. In it, Jarman, almost completely blind, confronts his impending death while affirming his will to live. The \u201cInternational Klein Blue\u201d, a color deeply significant to the director and the only image [&hellip;]","og_url":"https:\/\/www.bolzanodanza.it\/en\/matteo-sedda-fuck-me-blind-preview","og_site_name":"Bolzano Danza","article_modified_time":"2025-07-20T12:19:39+00:00","og_image":[{"width":2250,"height":1260,"url":"https:\/\/www.bolzanodanza.it\/wp-content\/uploads\/2022\/05\/haydn-bolzano-danza-2022.jpg","type":"image\/jpeg"}],"twitter_card":"summary_large_image","twitter_misc":{"Est. reading time":"2 minutes"},"schema":{"@context":"https:\/\/schema.org","@graph":[{"@type":"WebPage","@id":"https:\/\/www.bolzanodanza.it\/en\/matteo-sedda-fuck-me-blind-preview","url":"https:\/\/www.bolzanodanza.it\/en\/matteo-sedda-fuck-me-blind-preview","name":"MATTEO SEDDA - FUCK ME BLIND - Preview - Bolzano Danza","isPartOf":{"@id":"https:\/\/www.bolzanodanza.it\/en#website"},"datePublished":"2025-07-20T11:53:54+00:00","dateModified":"2025-07-20T12:19:39+00:00","breadcrumb":{"@id":"https:\/\/www.bolzanodanza.it\/en\/matteo-sedda-fuck-me-blind-preview#breadcrumb"},"inLanguage":"en-US","potentialAction":[{"@type":"ReadAction","target":["https:\/\/www.bolzanodanza.it\/en\/matteo-sedda-fuck-me-blind-preview"]}]},{"@type":"BreadcrumbList","@id":"https:\/\/www.bolzanodanza.it\/en\/matteo-sedda-fuck-me-blind-preview#breadcrumb","itemListElement":[{"@type":"ListItem","position":1,"name":"Home","item":"https:\/\/www.bolzanodanza.it\/en"},{"@type":"ListItem","position":2,"name":"MATTEO SEDDA &#8211; FUCK ME BLIND &#8211; Preview"}]},{"@type":"WebSite","@id":"https:\/\/www.bolzanodanza.it\/en#website","url":"https:\/\/www.bolzanodanza.it\/en","name":"Bolzano Danza","description":"Haydn Foundation","potentialAction":[{"@type":"SearchAction","target":{"@type":"EntryPoint","urlTemplate":"https:\/\/www.bolzanodanza.it\/en?s={search_term_string}"},"query-input":{"@type":"PropertyValueSpecification","valueRequired":true,"valueName":"search_term_string"}}],"inLanguage":"en-US"}]}},"_links":{"self":[{"href":"https:\/\/www.bolzanodanza.it\/en\/wp-json\/wp\/v2\/pages\/141379","targetHints":{"allow":["GET"]}}],"collection":[{"href":"https:\/\/www.bolzanodanza.it\/en\/wp-json\/wp\/v2\/pages"}],"about":[{"href":"https:\/\/www.bolzanodanza.it\/en\/wp-json\/wp\/v2\/types\/page"}],"author":[{"embeddable":true,"href":"https:\/\/www.bolzanodanza.it\/en\/wp-json\/wp\/v2\/users\/11"}],"replies":[{"embeddable":true,"href":"https:\/\/www.bolzanodanza.it\/en\/wp-json\/wp\/v2\/comments?post=141379"}],"version-history":[{"count":0,"href":"https:\/\/www.bolzanodanza.it\/en\/wp-json\/wp\/v2\/pages\/141379\/revisions"}],"wp:attachment":[{"href":"https:\/\/www.bolzanodanza.it\/en\/wp-json\/wp\/v2\/media?parent=141379"}],"curies":[{"name":"wp","href":"https:\/\/api.w.org\/{rel}","templated":true}]}}