{"id":116,"date":"2022-03-29T09:34:58","date_gmt":"2022-03-29T07:34:58","guid":{"rendered":"https:\/\/www.bolzanodanza.it\/privacy-policy"},"modified":"2022-05-19T15:49:27","modified_gmt":"2022-05-19T13:49:27","slug":"privacy-policy","status":"publish","type":"page","link":"https:\/\/www.bolzanodanza.it\/en\/privacy-policy","title":{"rendered":"Privacy policy"},"content":{"rendered":"<h2>PERCH\u00c9 QUESTE INFORMAZIONI<\/h2>\n<p>Ai sensi del Regolamento (UE) 2016\/679, questa pagina descrive le modalit\u00e0 di trattamento dei dati personali degli utenti che consultano il sito web\u00a0<a href=\"https:\/\/www.haydn.it\/\">https:\/\/www.haydn.it<\/a>.<br \/>\nA seguito della consultazione del sito possono essere trattati dati relativi a persone fisiche identificate o identificabili.<br \/>\nLe presenti informazioni non riguardano altri siti, pagine o servizi online raggiungibili tramite link ipertestuali eventualmente pubblicati nel sito.<\/p>\n<h2>TITOLARE DEL TRATTAMENTO E RESPONSABILE DELLA PROTEZIONE DEI DATI<\/h2>\n<p>Titolare del Trattamento dei Dati \u00e8 FONDAZIONE HAYDN DI BOLZANO E TRENTO, via Gilm 1\/a, 39100 Bolzano, Tel. 0471\/975031, e-mail:\u00a0<a href=\"mailto:info@haydn.it\">info@haydn.it<\/a>.<br \/>\nResponsabile della Protezione dei Dati \u00e8 la Dott. Federica Ziglio, via Mazzini 14, 38122 Trento, Tel. 0461\/261768, info@ziglioassociati.it.<\/p>\n<h2>TIPI DI DATI TRATTATI, FINALIT\u00c0 DEL TRATTAMENTO E RELATIVA BASE GIURIDICA.<\/h2>\n<ul>\n<li><strong>FINALIT\u00c0 DEL TRATTAMENTO:\u00a0<\/strong>gestire la navigazione all\u2019interno del sito web e gestione tecnica dei servizi forniti nonch\u00e9 consentire analisi, verificare il numero di visitatori e garantire la sicurezza e ottimale funzionalit\u00e0 del sito stesso e della navigazione\/servizi per gli utenti<br \/>\n<strong>TIPOLOGIA DI DATI TRATTATI:\u00a0<\/strong>dati di navigazione (impostazioni lingua, indirizzo IP, impostazioni del dispositivo, sistema operativo per dispositivi mobili, informazioni sul login, tempo di utilizzo, richiesta URL, informazioni sullo stato, user agent (informazioni sulla versione del browser), sistema operativo, ID della prenotazione dell\u2019utente e tipi di dati visualizzati. Il sito web potrebbe anche raccogliere i dati automaticamente attraverso i cookie, si veda in proposito l\u2019apposita informativa).<br \/>\n<strong>BASE GIURIDICA DEL TRATTAMENTO:\u00a0<\/strong>la base giuridica del trattamento \u00e8 l\u2019interesse legittimo del titolare a garantire la sicurezza e ottimale funzionalit\u00e0 del sito nonch\u00e9 a tutelare i propri diritti.<\/li>\n<li><strong>FINALIT\u00c0 DEL TRATTAMENTO:\u00a0<\/strong>rispondere ad eventuali richieste di informazioni da parte degli interessati e\/o fornire i servizi richiesti da questi ultimi (es. iscrizioni (es. ticketing, iscrizione ai progetti, ecc.).<br \/>\n<strong>TIPOLOGIA DI DATI TRATTATI:\u00a0<\/strong>dati identificativi e di contatto forniti volontariamente dall\u2019Interessato nell\u2019utilizzo dei servizi offerti dal sito web, dati di terzi forniti dall\u2019interessato sotto la propria responsabilit\u00e0 funzionali alla prenotazione dei servizi, dati relativi ad eventuali metodi di pagamento forniti dall\u2019interessato per la prenotazione dei servizi.<br \/>\n<strong>BASE GIURIDICA DEL TRATTAMENTO:\u00a0<\/strong>la base giuridica del trattamento \u00e8 l\u2019esecuzione di misure adottate su richiesta dell\u2019Interessato, l\u2019esecuzione di un contratto di cui l\u2019Interessato \u00e8 parte o di misure precontrattuali adottate su richiesta dello stesso.<\/li>\n<li><strong>FINALIT\u00c0 DEL TRATTAMENTO:\u00a0<\/strong>inviare all\u2019Interessato tramite i dati di contatto fornite nel sito web comunicazioni su iniziative, servizi offerti dal Titolare nonch\u00e9 invio di newsletter via e-mail in seguito alla registrazione al servizio da parte dell\u2019interessato e solo previa espressione di uno specifico consenso, che sar\u00e0 richiesto in sede di registrazione al servizio; l\u2019interazione con la newsletter verr\u00e0 analizzata a fini statistici;<br \/>\n<strong>TIPOLOGIA DI DATI TRATTATI:\u00a0<\/strong>dati identificativi, di contatto e preferenze sulle informazioni da ricevere forniti volontariamente dall\u2019Interessato nell\u2019utilizzo dei servizi offerti dal sito web.<br \/>\n<strong>BASE GIURIDICA DEL TRATTAMENTO:\u00a0<\/strong>la base giuridica del trattamento \u00e8 il consenso dell\u2019Interessato nonch\u00e9 l\u2019interesse legittimo del Titolare (si veda in proposito il Considerando 47 del Reg. UE 679\/2016) a far conoscere e sviluppare la propria attivit\u00e0, a condizione che non prevalgano gli interessi o i diritti e le libert\u00e0 fondamentali dell\u2019interessato, tenuto conto delle ragionevoli aspettative nutrite dall\u2019interessato stesso in base alla sua relazione con il titolare del trattamento.<\/li>\n<li><strong>FINALIT\u00c0 DEL TRATTAMENTO:\u00a0<\/strong>adempimento di obblighi derivanti da leggi, regolamenti, normativa comunitaria.<br \/>\n<strong>TIPOLOGIA DI DATI TRATTATI:\u00a0<\/strong>dati identificativi e di contatto forniti volontariamente dall\u2019Interessato nell\u2019utilizzo dei servizi offerti dal sito web, dati di terzi forniti dall\u2019interessato sotto la propria responsabilit\u00e0 funzionali alla prenotazione, dati relativi ad eventuali metodi di pagamento forniti dall\u2019interessato per la prenotazione dei servizi.<br \/>\n<strong>BASE GIURIDICA DEL TRATTAMENTO:<\/strong>\u00a0la base giuridica del trattamento \u00e8 l\u2019adempimento un obbligo legale al quale \u00e8 soggetto il titolare del trattamento;<\/li>\n<li><strong>FINALIT\u00c0 DEL TRATTAMENTO:<\/strong>\u00a0gestione delle candidature professionali ricevute tramite la sezione \u201cLavora con noi\u201d del nostro sito web<br \/>\n<strong>TIPOLOGIA DI DATI TRATTATI:<\/strong>\u00a0dati identificativi e di contatto, eventuali dati particolari forniti volontariamente dall\u2019Interessato (si invita l\u2019Interessato a non inserire nel curriculum dati non pertinenti alle finalit\u00e0 sopra indicate e\/o dati particolari), dati personali relativi all\u2019istruzione ed al lavoro (curriculum vitae, titolo di studio, corsi di specializzazione, ecc.;)<br \/>\n<strong>BASE GIURIDICA DEL TRATTAMENTO:<\/strong>\u00a0la base giuridica del trattamento \u00e8 il consenso dell\u2019Interessato.<\/li>\n<li><strong>FINALIT\u00c0 DEL TRATTAMENTO:<\/strong>\u00a0gestione delle eventuali segnalazioni su condotte illecite (whistleblowing) tramite la gestione della casella di posta elettronica.<br \/>\n<strong>TIPOLOGIA DI DATI TRATTATI:<\/strong>\u00a0dati anagrafici, codice fiscale, dati di contatto e, eventualmente, dati sulla qualifica professionale, nonch\u00e9 di dati e informazioni ulteriori connessi alla condotta illecita riportata.<br \/>\n<strong>BASE GIURIDICA DEL TRATTAMENTO:<\/strong>\u00a0la base giuridica del trattamento \u00e8 l\u2019adempimento un obbligo legale al quale \u00e8 soggetto il titolare del trattamento;<\/li>\n<li><strong>FINALIT\u00c0 DEL TRATTAMENTO:<\/strong>\u00a0attivita\u0300 di determinazione delle abitudini e delle preferenze mediante trattamenti di profilazione.<br \/>\n<strong>TIPOLOGIA DI DATI TRATTATI:<\/strong>\u00a0dati personali utili ad analizzarne o prevederne le preferenze, i comportamenti e le posizioni personali.<br \/>\n<strong>BASE GIURIDICA DEL TRATTAMENTO:<\/strong>\u00a0la base giuridica del trattamento \u00e8 il consenso dell\u2019Interessato nonch\u00e9 l\u2019interesse legittimo del Titolare (si veda in proposito il Considerando 47 del Reg. UE 679\/2016) fermi restando i diritti dell\u2019Interessato sottoindicati.<\/li>\n<\/ul>\n<h2>COOKIE E ALTRI SISTEMI DI TRACCIAMENTO<\/h2>\n<p>Per la politica sui cookie si veda l\u2019apposita\u00a0<a href=\"https:\/\/www.haydn.it\/cookies\">cookie policy<\/a>\u00a0presente nel sito web.<\/p>\n<h2>DESTINATARI DEI DATI<\/h2>\n<p>Potranno accedere, e quindi venire a conoscenza dei Suoi dati, esclusivamente i soggetti autorizzati dal titolare limitatamente ai dati necessari a svolgere il proprio incarico.<br \/>\nFerme restando le comunicazioni eseguite in adempimento di obblighi di legge e contrattuali, tutti i dati raccolti ed elaborati potranno essere comunicati esclusivamente per le finalit\u00e0 sopra specificate a:<\/p>\n<ul>\n<li>Soggetti autorizzati dal titolare del trattamento (collaboratori, tirocinanti e dipendenti);<\/li>\n<li>Responsabili del trattamento e\/o collaboratori esterni del titolare (es. consulenti legali, contabili, informatici, fornitori di servizi correlati all\u2019attivit\u00e0 del sito web, ecc.);<\/li>\n<li>Soggetti pubblici e privati a cui la comunicazione sia dovuta per legge o regolamento;<\/li>\n<li>Soggetti che svolgano attivit\u00e0 funzionali all\u2019esecuzione dei contratti o servizi richiesti dall\u2019Interessato.<\/li>\n<\/ul>\n<p>I Suoi dati non saranno diffusi.<\/p>\n<h2>TRASFERIMENTO DI DATI<\/h2>\n<p>I Dati potranno essere trasferiti all\u2019estero solo nel caso in cui il titolare decidesse di avvalersi di servizi informatici (sito web, posta elettronica, cloud computing, e-mail direct marketing) gestiti da fornitori residenti in paesi al di fuori della Comunit\u00e0 Europea o che utilizzino server ubicati in paesi esteri.<br \/>\nIl Titolare trasferir\u00e0 i dati personali soltanto a destinatari che offrono un livello adeguato di protezione dei dati oppure sulla base di clausole contrattuali o accordi contrattuali che assicurino una protezione in linea con gli standard europei.<\/p>\n<h2>FACOLTATIVIT\u00c0 DEL CONFERIMENTO DEI DATI<\/h2>\n<p>A parte quanto specificato per i dati di navigazione, l\u2019Interessato pu\u00f2 fornire i dati personali riportati nei moduli di richiesta del sito web, ad esempio per richiedere l\u2019invio di materiale informativo, di newsletter, o di comunicazioni e\/o risposte alle richieste inviate tramite il sito web. Il mancato conferimento dei dati comporta l\u2019impossibilit\u00e0 di ottenere il servizio richiesto. Il conferimento dei dati \u00e8 facoltativo per l\u2019invio di comunicazioni e offerte commerciali. L\u2019eventuale rifiuto non pregiudicher\u00e0 la fornitura degli altri servizi. In qualsiasi momento potr\u00e0 opporsi a tale trattamento, anche successivamente ad aver concesso il consenso per finalit\u00e0 commerciali, inviando una richiesta al titolare all\u2019indirizzo\u00a0<a href=\"mailto:info@haydn.it\">info@haydn.it<\/a>.<\/p>\n<h2>CONSERVAZIONE DEI DATI<\/h2>\n<p>Il trattamento dati avverr\u00e0 in modo idoneo a garantire la sicurezza e la riservatezza dei dati personali.<br \/>\nI dati saranno conservati per il periodo di tempo necessario all\u2019utilizzo e alla fornitura dei servizi, in conformit\u00e0 con le leggi vigenti, nonch\u00e9 allo scopo di gestire eventuali dispute con qualsiasi parte terza e in ogni caso per il tempo necessario al fine dell\u2019espletamento delle attivit\u00e0 incluse individuazione e prevenzione di frodi o altre attivit\u00e0 illegali.<br \/>\nI dati personali trattati per l\u2019invio di newsletter via e-mail in seguito alla registrazione perdureranno fino a quando sar\u00e0 attivo il servizio, fino a quando l\u2019Utente revocher\u00e0 validamente il consenso (la richiesta di cancellazione dei dati comunicati al momento dell\u2019iscrizione al servizio sar\u00e0 sempre possibile anche tramite l\u2019apposito link presente in ogni e-mail) oppure fino a quando l\u2019Interessato comunicher\u00e0 l\u2019opposizione all\u2019ulteriore trattamento per tale finalit\u00e0.<br \/>\nI dati personali trattati per la gestione dell\u2019invio spontaneo di candidature professionali saranno conservati per un periodo di 12 mesi. Trascorso il periodo di conservazione i dati verranno cancellati.<\/p>\n<h2>DIRITTI DEGLI INTERESSATI<\/h2>\n<p>Gli interessati hanno il diritto di ottenere dal titolare, nei casi previsti, l\u2019accesso ai dati personali, la rettifica, la cancellazione degli stessi o la limitazione del trattamento che li riguarda o di opporsi al trattamento (artt. 15 e ss. del Regolamento). L\u2019apposita istanza pu\u00f2 essere presentata contattando il titolare inviando una richiesta agli indirizzi presenti su questo sito. Gli interessati che ritengono che il trattamento dei dati personali a loro riferiti effettuato attraverso questo sito avvenga in violazione di quanto previsto dal Regolamento hanno il diritto di proporre reclamo al Garante, come previsto dall\u2019art. 77 del Regolamento stesso, o di adire le opportune sedi giudiziarie (art. 79 del Regolamento).<\/p>\n","protected":false},"excerpt":{"rendered":"<p>PERCH\u00c9 QUESTE INFORMAZIONI Ai sensi del Regolamento (UE) 2016\/679, questa pagina descrive le modalit\u00e0 di trattamento dei dati personali degli utenti che consultano il sito web\u00a0https:\/\/www.haydn.it. A seguito della consultazione del sito possono essere trattati dati relativi a persone fisiche identificate o identificabili. Le presenti informazioni non riguardano altri siti, pagine o servizi online raggiungibili [&hellip;]<\/p>\n","protected":false},"author":2,"featured_media":0,"parent":0,"menu_order":0,"comment_status":"closed","ping_status":"closed","template":"","meta":{"_acf_changed":false,"footnotes":""},"class_list":["post-116","page","type-page","status-publish","hentry"],"acf":[],"yoast_head":"<!-- This site is optimized with the Yoast SEO plugin v26.8 - https:\/\/yoast.com\/product\/yoast-seo-wordpress\/ -->\n<title>Privacy policy - Bolzano Danza<\/title>\n<meta name=\"robots\" content=\"index, follow, max-snippet:-1, max-image-preview:large, max-video-preview:-1\" \/>\n<meta property=\"og:locale\" content=\"en_US\" \/>\n<meta property=\"og:type\" content=\"article\" \/>\n<meta property=\"og:title\" content=\"Privacy policy - Bolzano Danza\" \/>\n<meta property=\"og:description\" content=\"PERCH\u00c9 QUESTE INFORMAZIONI Ai sensi del Regolamento (UE) 2016\/679, questa pagina descrive le modalit\u00e0 di trattamento dei dati personali degli utenti che consultano il sito web\u00a0https:\/\/www.haydn.it. A seguito della consultazione del sito possono essere trattati dati relativi a persone fisiche identificate o identificabili. Le presenti informazioni non riguardano altri siti, pagine o servizi online raggiungibili [&hellip;]\" \/>\n<meta property=\"og:url\" content=\"https:\/\/www.bolzanodanza.it\/en\/privacy-policy\" \/>\n<meta property=\"og:site_name\" content=\"Bolzano Danza\" \/>\n<meta property=\"article:modified_time\" content=\"2022-05-19T13:49:27+00:00\" \/>\n<meta property=\"og:image\" content=\"https:\/\/www.bolzanodanza.it\/wp-content\/uploads\/2022\/05\/haydn-bolzano-danza-2022.jpg\" \/>\n\t<meta property=\"og:image:width\" content=\"2250\" \/>\n\t<meta property=\"og:image:height\" content=\"1260\" \/>\n\t<meta property=\"og:image:type\" content=\"image\/jpeg\" \/>\n<meta name=\"twitter:card\" content=\"summary_large_image\" \/>\n<meta name=\"twitter:label1\" content=\"Est. reading time\" \/>\n\t<meta name=\"twitter:data1\" content=\"7 minutes\" \/>\n<script type=\"application\/ld+json\" class=\"yoast-schema-graph\">{\"@context\":\"https:\/\/schema.org\",\"@graph\":[{\"@type\":\"WebPage\",\"@id\":\"https:\/\/www.bolzanodanza.it\/en\/privacy-policy\",\"url\":\"https:\/\/www.bolzanodanza.it\/en\/privacy-policy\",\"name\":\"Privacy policy - Bolzano Danza\",\"isPartOf\":{\"@id\":\"https:\/\/www.bolzanodanza.it\/en#website\"},\"datePublished\":\"2022-03-29T07:34:58+00:00\",\"dateModified\":\"2022-05-19T13:49:27+00:00\",\"breadcrumb\":{\"@id\":\"https:\/\/www.bolzanodanza.it\/en\/privacy-policy#breadcrumb\"},\"inLanguage\":\"en-US\",\"potentialAction\":[{\"@type\":\"ReadAction\",\"target\":[\"https:\/\/www.bolzanodanza.it\/en\/privacy-policy\"]}]},{\"@type\":\"BreadcrumbList\",\"@id\":\"https:\/\/www.bolzanodanza.it\/en\/privacy-policy#breadcrumb\",\"itemListElement\":[{\"@type\":\"ListItem\",\"position\":1,\"name\":\"Home\",\"item\":\"https:\/\/www.bolzanodanza.it\/en\"},{\"@type\":\"ListItem\",\"position\":2,\"name\":\"Privacy policy\"}]},{\"@type\":\"WebSite\",\"@id\":\"https:\/\/www.bolzanodanza.it\/en#website\",\"url\":\"https:\/\/www.bolzanodanza.it\/en\",\"name\":\"Bolzano Danza\",\"description\":\"Haydn Foundation\",\"potentialAction\":[{\"@type\":\"SearchAction\",\"target\":{\"@type\":\"EntryPoint\",\"urlTemplate\":\"https:\/\/www.bolzanodanza.it\/en?s={search_term_string}\"},\"query-input\":{\"@type\":\"PropertyValueSpecification\",\"valueRequired\":true,\"valueName\":\"search_term_string\"}}],\"inLanguage\":\"en-US\"}]}<\/script>\n<!-- \/ Yoast SEO plugin. -->","yoast_head_json":{"title":"Privacy policy - Bolzano Danza","robots":{"index":"index","follow":"follow","max-snippet":"max-snippet:-1","max-image-preview":"max-image-preview:large","max-video-preview":"max-video-preview:-1"},"og_locale":"en_US","og_type":"article","og_title":"Privacy policy - Bolzano Danza","og_description":"PERCH\u00c9 QUESTE INFORMAZIONI Ai sensi del Regolamento (UE) 2016\/679, questa pagina descrive le modalit\u00e0 di trattamento dei dati personali degli utenti che consultano il sito web\u00a0https:\/\/www.haydn.it. A seguito della consultazione del sito possono essere trattati dati relativi a persone fisiche identificate o identificabili. Le presenti informazioni non riguardano altri siti, pagine o servizi online raggiungibili [&hellip;]","og_url":"https:\/\/www.bolzanodanza.it\/en\/privacy-policy","og_site_name":"Bolzano Danza","article_modified_time":"2022-05-19T13:49:27+00:00","og_image":[{"width":2250,"height":1260,"url":"https:\/\/www.bolzanodanza.it\/wp-content\/uploads\/2022\/05\/haydn-bolzano-danza-2022.jpg","type":"image\/jpeg"}],"twitter_card":"summary_large_image","twitter_misc":{"Est. reading time":"7 minutes"},"schema":{"@context":"https:\/\/schema.org","@graph":[{"@type":"WebPage","@id":"https:\/\/www.bolzanodanza.it\/en\/privacy-policy","url":"https:\/\/www.bolzanodanza.it\/en\/privacy-policy","name":"Privacy policy - Bolzano Danza","isPartOf":{"@id":"https:\/\/www.bolzanodanza.it\/en#website"},"datePublished":"2022-03-29T07:34:58+00:00","dateModified":"2022-05-19T13:49:27+00:00","breadcrumb":{"@id":"https:\/\/www.bolzanodanza.it\/en\/privacy-policy#breadcrumb"},"inLanguage":"en-US","potentialAction":[{"@type":"ReadAction","target":["https:\/\/www.bolzanodanza.it\/en\/privacy-policy"]}]},{"@type":"BreadcrumbList","@id":"https:\/\/www.bolzanodanza.it\/en\/privacy-policy#breadcrumb","itemListElement":[{"@type":"ListItem","position":1,"name":"Home","item":"https:\/\/www.bolzanodanza.it\/en"},{"@type":"ListItem","position":2,"name":"Privacy policy"}]},{"@type":"WebSite","@id":"https:\/\/www.bolzanodanza.it\/en#website","url":"https:\/\/www.bolzanodanza.it\/en","name":"Bolzano Danza","description":"Haydn Foundation","potentialAction":[{"@type":"SearchAction","target":{"@type":"EntryPoint","urlTemplate":"https:\/\/www.bolzanodanza.it\/en?s={search_term_string}"},"query-input":{"@type":"PropertyValueSpecification","valueRequired":true,"valueName":"search_term_string"}}],"inLanguage":"en-US"}]}},"_links":{"self":[{"href":"https:\/\/www.bolzanodanza.it\/en\/wp-json\/wp\/v2\/pages\/116","targetHints":{"allow":["GET"]}}],"collection":[{"href":"https:\/\/www.bolzanodanza.it\/en\/wp-json\/wp\/v2\/pages"}],"about":[{"href":"https:\/\/www.bolzanodanza.it\/en\/wp-json\/wp\/v2\/types\/page"}],"author":[{"embeddable":true,"href":"https:\/\/www.bolzanodanza.it\/en\/wp-json\/wp\/v2\/users\/2"}],"replies":[{"embeddable":true,"href":"https:\/\/www.bolzanodanza.it\/en\/wp-json\/wp\/v2\/comments?post=116"}],"version-history":[{"count":0,"href":"https:\/\/www.bolzanodanza.it\/en\/wp-json\/wp\/v2\/pages\/116\/revisions"}],"wp:attachment":[{"href":"https:\/\/www.bolzanodanza.it\/en\/wp-json\/wp\/v2\/media?parent=116"}],"curies":[{"name":"wp","href":"https:\/\/api.w.org\/{rel}","templated":true}]}}