{"id":1106,"date":"2022-04-01T11:20:11","date_gmt":"2022-04-01T09:20:11","guid":{"rendered":"https:\/\/www.bolzanodanza.it\/festival"},"modified":"2025-06-12T12:25:54","modified_gmt":"2025-06-12T10:25:54","slug":"festival","status":"publish","type":"page","link":"https:\/\/www.bolzanodanza.it\/en\/festival","title":{"rendered":"The Festival"},"content":{"rendered":"<p>Bolzano Danza is a leading festival of contemporary dance, both nationally and internationally. Organised by the Haydn Foundation, it brings its contagious energy to the city every July, attracting a diverse and enthusiastic audience. Inclusion, participation and sustainability are key to the festival. It is open to societal diversity and ready to capture our world in a state of flux \u2013 through the universal language of dance.<\/p>\n<p>The performances, which showcase the best contemporary choreographers and dancers and encompass a wide range of genres and languages, are centred around the Teatro Comunale, from which they radiate out to a number of prominent venues throughout the city, reshaping its perception thanks to projects involving artivism and social interaction. Alongside the performances, the festival also offers dance workshops of all styles organised by the S\u00fcdtiroler Kulturinstitut.<\/p>\n<p>A seasoned cultural manager with years of work in France and Italy, <strong>Anouk Aspisi<\/strong> (Montpellier, 1968) read Political Sciences at the University of Montpellier and then went on to obtain a Master\u2019s degree in Communication and Media from the Audiencia Business School in Nantes. Her twenty-five years of work featured collaborations with prestigious public administrations and private entities. Aspisi has created numerous projects, focusing on conversations with the public and audience development. She has collaborated with the Romaeuropa Festival advising them on international relations (2000-2004), with the Fran\u00e7ois Pinault Foundation in Venice (2008-2010), with the Institut fran\u00e7ais Italia as cultural attach\u00e9 (2012-2017) \u2013 where she created the multidisciplinary <em>La Francia in Scena<\/em> \u2013, as the General Secretary of the Fondazione Nuovi Mecenati (2013-2018), as the Head of Communication at the Accademia di Santa Cecilia (2017-2018) and as the General Secretary of the Maison de la Danse in Lyon (2018-2022). She was also a consultant for artistic creation between 2022 and 2024 to French Minister of Culture, Rima Abdul Malak, on matters such as live performances, festivals, music, and the visual arts.<\/p>\n<p>After his exceptional international career as a dancer, <strong>Olivier Dubois<\/strong> (Colmar, 1972) has been giving space to his creative endeavours since 2006. His first work,<em> Pour tout l\u2019or du monde<\/em>, won him the Prix Jardin d\u2019Europe in Vienna, which is a European Prize for Emerging Choreography. His <em>oeuvre <\/em>features <em>Faune(s), <\/em>made for the 2008 Avignon Festival, <em>Spectre, <\/em>made for the 2010 Les Ballets de Monte-Carlo, and <em>L\u2019homme de l\u2019Atlantique<\/em>, a duet for the Biennale de la Danse in Lyon. In 2009, he started the <em>\u00c9tude critique pour un trompe-l\u2019\u0153il <\/em>trilogy with <em>R\u00e9volution<\/em>, followed by the <em>Rouge<\/em> and <em>Trag\u00e9die<\/em> solos in 2011 and 2012 respectively. When Marseille was chosen as 2013 European Capital of Culture, he staged the <em>\u00c9l\u00e9gie<\/em> for the Ballet National de Marseille; he staged <em>Come out <\/em>for the Ballet de Lorraine in 2019. In 2013, he won the Italian critics\u2019 Danza&amp;Danza Prize, and in 2014 he was appointed Director of the Ballet du Nord-Centre Chor\u00e9graphique National de Roubaix by the French Ministry of Culture. He was also awarded the Prix Fedora Van Cleef &amp; Arpels and, in 2019, was nominated Chevalier des Arts et des Lettres. Dubois is no stranger at Bolzano Danza, having been invited as a guest to numerous editions. Indeed, he created choreographies for the festival such as <em>Les M\u00e9moires d\u2019un seigneur<\/em> (2015), <em>Swan Blast<\/em> (2019), and <em>For Gods Only\/Sacre #3<\/em> (2024).<\/p>\n<p>The Haydn Foundation of Bolzano and Trento is one of the most eminent centres of artistic innovation in Trentino-Alto Adige. Its mission is to support high-quality symphonic music, opera and dance, promoting intercultural dialogue and encouraging social and personal growth. Since 2015 it has been organising Bolzano Danza, a festival that has developed its own strong identity by focussing on inclusion, sustainability and experiments with various styles and languages.<\/p>\n","protected":false},"excerpt":{"rendered":"<p>Bolzano Danza is a leading festival of contemporary dance, both nationally and internationally. Organised by the Haydn Foundation, it brings its contagious energy to the city every July, attracting a diverse and enthusiastic audience. Inclusion, participation and sustainability are key to the festival. It is open to societal diversity and ready to capture our world [&hellip;]<\/p>\n","protected":false},"author":2,"featured_media":0,"parent":0,"menu_order":0,"comment_status":"closed","ping_status":"closed","template":"page-festival.php","meta":{"_acf_changed":false,"footnotes":""},"class_list":["post-1106","page","type-page","status-publish","hentry"],"acf":[],"yoast_head":"<!-- This site is optimized with the Yoast SEO plugin v26.8 - https:\/\/yoast.com\/product\/yoast-seo-wordpress\/ -->\n<title>The Festival - Bolzano Danza<\/title>\n<meta name=\"robots\" content=\"index, follow, max-snippet:-1, max-image-preview:large, max-video-preview:-1\" \/>\n<meta property=\"og:locale\" content=\"en_US\" \/>\n<meta property=\"og:type\" content=\"article\" \/>\n<meta property=\"og:title\" content=\"The Festival - Bolzano Danza\" \/>\n<meta property=\"og:description\" content=\"Bolzano Danza is a leading festival of contemporary dance, both nationally and internationally. Organised by the Haydn Foundation, it brings its contagious energy to the city every July, attracting a diverse and enthusiastic audience. Inclusion, participation and sustainability are key to the festival. It is open to societal diversity and ready to capture our world [&hellip;]\" \/>\n<meta property=\"og:url\" content=\"https:\/\/www.bolzanodanza.it\/en\/festival\" \/>\n<meta property=\"og:site_name\" content=\"Bolzano Danza\" \/>\n<meta property=\"article:modified_time\" content=\"2025-06-12T10:25:54+00:00\" \/>\n<meta property=\"og:image\" content=\"https:\/\/www.bolzanodanza.it\/wp-content\/uploads\/2022\/05\/bolzano-danza-festival.jpg\" \/>\n\t<meta property=\"og:image:width\" content=\"1970\" \/>\n\t<meta property=\"og:image:height\" content=\"1130\" \/>\n\t<meta property=\"og:image:type\" content=\"image\" \/>\n<meta name=\"twitter:card\" content=\"summary_large_image\" \/>\n<meta name=\"twitter:image\" content=\"https:\/\/www.bolzanodanza.it\/wp-content\/uploads\/2022\/05\/bolzano-danza-festival.jpg\" \/>\n<meta name=\"twitter:label1\" content=\"Est. reading time\" \/>\n\t<meta name=\"twitter:data1\" content=\"4 minutes\" \/>\n<script type=\"application\/ld+json\" class=\"yoast-schema-graph\">{\"@context\":\"https:\/\/schema.org\",\"@graph\":[{\"@type\":\"WebPage\",\"@id\":\"https:\/\/www.bolzanodanza.it\/en\/festival\",\"url\":\"https:\/\/www.bolzanodanza.it\/en\/festival\",\"name\":\"The Festival - Bolzano Danza\",\"isPartOf\":{\"@id\":\"https:\/\/www.bolzanodanza.it\/en#website\"},\"datePublished\":\"2022-04-01T09:20:11+00:00\",\"dateModified\":\"2025-06-12T10:25:54+00:00\",\"breadcrumb\":{\"@id\":\"https:\/\/www.bolzanodanza.it\/en\/festival#breadcrumb\"},\"inLanguage\":\"en-US\",\"potentialAction\":[{\"@type\":\"ReadAction\",\"target\":[\"https:\/\/www.bolzanodanza.it\/en\/festival\"]}]},{\"@type\":\"BreadcrumbList\",\"@id\":\"https:\/\/www.bolzanodanza.it\/en\/festival#breadcrumb\",\"itemListElement\":[{\"@type\":\"ListItem\",\"position\":1,\"name\":\"Home\",\"item\":\"https:\/\/www.bolzanodanza.it\/en\"},{\"@type\":\"ListItem\",\"position\":2,\"name\":\"The Festival\"}]},{\"@type\":\"WebSite\",\"@id\":\"https:\/\/www.bolzanodanza.it\/en#website\",\"url\":\"https:\/\/www.bolzanodanza.it\/en\",\"name\":\"Bolzano Danza\",\"description\":\"Haydn Foundation\",\"potentialAction\":[{\"@type\":\"SearchAction\",\"target\":{\"@type\":\"EntryPoint\",\"urlTemplate\":\"https:\/\/www.bolzanodanza.it\/en?s={search_term_string}\"},\"query-input\":{\"@type\":\"PropertyValueSpecification\",\"valueRequired\":true,\"valueName\":\"search_term_string\"}}],\"inLanguage\":\"en-US\"}]}<\/script>\n<!-- \/ Yoast SEO plugin. -->","yoast_head_json":{"title":"The Festival - Bolzano Danza","robots":{"index":"index","follow":"follow","max-snippet":"max-snippet:-1","max-image-preview":"max-image-preview:large","max-video-preview":"max-video-preview:-1"},"og_locale":"en_US","og_type":"article","og_title":"The Festival - Bolzano Danza","og_description":"Bolzano Danza is a leading festival of contemporary dance, both nationally and internationally. Organised by the Haydn Foundation, it brings its contagious energy to the city every July, attracting a diverse and enthusiastic audience. Inclusion, participation and sustainability are key to the festival. It is open to societal diversity and ready to capture our world [&hellip;]","og_url":"https:\/\/www.bolzanodanza.it\/en\/festival","og_site_name":"Bolzano Danza","article_modified_time":"2025-06-12T10:25:54+00:00","og_image":[{"url":"https:\/\/www.bolzanodanza.it\/wp-content\/uploads\/2022\/05\/bolzano-danza-festival.jpg","width":1970,"height":1130,"type":"image"}],"twitter_card":"summary_large_image","twitter_image":"https:\/\/www.bolzanodanza.it\/wp-content\/uploads\/2022\/05\/bolzano-danza-festival.jpg","twitter_misc":{"Est. reading time":"4 minutes"},"schema":{"@context":"https:\/\/schema.org","@graph":[{"@type":"WebPage","@id":"https:\/\/www.bolzanodanza.it\/en\/festival","url":"https:\/\/www.bolzanodanza.it\/en\/festival","name":"The Festival - Bolzano Danza","isPartOf":{"@id":"https:\/\/www.bolzanodanza.it\/en#website"},"datePublished":"2022-04-01T09:20:11+00:00","dateModified":"2025-06-12T10:25:54+00:00","breadcrumb":{"@id":"https:\/\/www.bolzanodanza.it\/en\/festival#breadcrumb"},"inLanguage":"en-US","potentialAction":[{"@type":"ReadAction","target":["https:\/\/www.bolzanodanza.it\/en\/festival"]}]},{"@type":"BreadcrumbList","@id":"https:\/\/www.bolzanodanza.it\/en\/festival#breadcrumb","itemListElement":[{"@type":"ListItem","position":1,"name":"Home","item":"https:\/\/www.bolzanodanza.it\/en"},{"@type":"ListItem","position":2,"name":"The Festival"}]},{"@type":"WebSite","@id":"https:\/\/www.bolzanodanza.it\/en#website","url":"https:\/\/www.bolzanodanza.it\/en","name":"Bolzano Danza","description":"Haydn Foundation","potentialAction":[{"@type":"SearchAction","target":{"@type":"EntryPoint","urlTemplate":"https:\/\/www.bolzanodanza.it\/en?s={search_term_string}"},"query-input":{"@type":"PropertyValueSpecification","valueRequired":true,"valueName":"search_term_string"}}],"inLanguage":"en-US"}]}},"_links":{"self":[{"href":"https:\/\/www.bolzanodanza.it\/en\/wp-json\/wp\/v2\/pages\/1106","targetHints":{"allow":["GET"]}}],"collection":[{"href":"https:\/\/www.bolzanodanza.it\/en\/wp-json\/wp\/v2\/pages"}],"about":[{"href":"https:\/\/www.bolzanodanza.it\/en\/wp-json\/wp\/v2\/types\/page"}],"author":[{"embeddable":true,"href":"https:\/\/www.bolzanodanza.it\/en\/wp-json\/wp\/v2\/users\/2"}],"replies":[{"embeddable":true,"href":"https:\/\/www.bolzanodanza.it\/en\/wp-json\/wp\/v2\/comments?post=1106"}],"version-history":[{"count":0,"href":"https:\/\/www.bolzanodanza.it\/en\/wp-json\/wp\/v2\/pages\/1106\/revisions"}],"wp:attachment":[{"href":"https:\/\/www.bolzanodanza.it\/en\/wp-json\/wp\/v2\/media?parent=1106"}],"curies":[{"name":"wp","href":"https:\/\/api.w.org\/{rel}","templated":true}]}}