{"id":141384,"date":"2025-07-21T10:09:11","date_gmt":"2025-07-21T08:09:11","guid":{"rendered":"https:\/\/www.bolzanodanza.it\/?page_id=141384"},"modified":"2025-07-21T10:49:38","modified_gmt":"2025-07-21T08:49:38","slug":"compagnie-dife-kako-chor-chantal-loial-from-bolzano-to-pointe-a-pitre-premiere","status":"publish","type":"page","link":"https:\/\/www.bolzanodanza.it\/de\/compagnie-dife-kako-chor-chantal-loial-from-bolzano-to-pointe-a-pitre-premiere","title":{"rendered":"COMPAGNIE DIF\u00c9 KAKO &#8211; CHOR. CHANTAL LO\u00cfAL &#8211; FROM BOLZANO TO POINTE-\u00c0-PITRE &#8211; Premiere"},"content":{"rendered":"<p>Eine Performance mit afro-karibischen T\u00e4nzen unter Anleitung von Chantal Lo\u00efal und ihren T\u00e4nzer:innen sowie Teilnehmer:innen der \u201eTanz Bozen\u201c-Workshops, und begleitet von Live-Musik, steht dieses Event ganz im Zeichen der Teilnahme und stellt eine Einladung an alle zum Tanzen dar. Ein fr\u00f6hlicher und festlicher Moment am Ende des ExtraDanza-Tages.<\/p>\n<p>&nbsp;<\/p>\n<p>Seit 1995 bezieht die Tanzkompanie <strong>Dif\u00e9 Kako<\/strong> ihre Inspiration aus afrikanischen und westindischen Kulturen. Chantal Lo\u00efal hat es sich zum Ziel gemacht, eine choreografische Sprache zu kreieren, die auf der Verschmelzung von afrikanischen und westindischen T\u00e4nzen sowie einem traditionellen und zeitgen\u00f6ssischen Musikrepertoire basiert. <strong>Dif\u00e9 Kako<\/strong> besteht aus T\u00e4nzer:innen mit multidisziplin\u00e4rer Ausbildung (klassischer Tanz, moderner Tanz, Jazztanz, traditionelle T\u00e4nze aus Westafrika, Zentralafrika, dem Maghreb, aus Guadeloupe und Martinique) und Musiker:innen, die verschiedene Instrumente beherrschen, vor allem Schlaginstrumente (Djemb\u00e9, Dum-Dum, Ka-Trommeln, Maracas, Cha-Cha, Balafon, Ti-Bwa, Steelpan), aber auch Akkordeon oder Bassgitarre. Die Kompanie ist stets auf der Suche nach Innovation und k\u00fcnstlerischer Diversifizierung und hat eine Reihe von didaktischen und choreografischen Konzepten entwickelt, um diese interdisziplin\u00e4re Tanzform dem Publikum n\u00e4herzubringen.<\/p>\n<p>&nbsp;<\/p>\n<p>MITWIRKENDE<br \/>\nChoreografie: <strong>Chantal Lo\u00efal<\/strong> \/ T\u00e4nzer:innen: <strong>St\u00e9phane Mackowiak, Rodolpho Sagbo<\/strong> \/ Musiker:innen: <strong>Cyrille Daumont, St\u00e9phane Simon<\/strong><\/p>\n<p>&nbsp;<\/p>\n<p>Mit Unterst\u00fctzung der Fondazione Nuovi Mecenati \u2013 einer franz\u00f6sisch-italienischen Stiftung zur F\u00f6rderung zeitgen\u00f6ssischen k\u00fcnstlerischen Schaffens<\/p>\n","protected":false},"excerpt":{"rendered":"<p>Eine Performance mit afro-karibischen T\u00e4nzen unter Anleitung von Chantal Lo\u00efal und ihren T\u00e4nzer:innen sowie Teilnehmer:innen der \u201eTanz Bozen\u201c-Workshops, und begleitet von Live-Musik, steht dieses Event ganz im Zeichen der Teilnahme und stellt eine Einladung an alle zum Tanzen dar. Ein fr\u00f6hlicher und festlicher Moment am Ende des ExtraDanza-Tages. &nbsp; Seit 1995 bezieht die Tanzkompanie Dif\u00e9 [&hellip;]<\/p>\n","protected":false},"author":11,"featured_media":0,"parent":0,"menu_order":0,"comment_status":"closed","ping_status":"closed","template":"","meta":{"_acf_changed":false,"footnotes":""},"class_list":["post-141384","page","type-page","status-publish","hentry"],"acf":[],"yoast_head":"<!-- This site is optimized with the Yoast SEO plugin v26.8 - https:\/\/yoast.com\/product\/yoast-seo-wordpress\/ -->\n<title>COMPAGNIE DIF\u00c9 KAKO - CHOR. CHANTAL LO\u00cfAL - FROM BOLZANO TO POINTE-\u00c0-PITRE - Premiere - Tanz Bozen<\/title>\n<meta name=\"robots\" content=\"index, follow, max-snippet:-1, max-image-preview:large, max-video-preview:-1\" \/>\n<meta property=\"og:locale\" content=\"de_DE\" \/>\n<meta property=\"og:type\" content=\"article\" \/>\n<meta property=\"og:title\" content=\"COMPAGNIE DIF\u00c9 KAKO - CHOR. CHANTAL LO\u00cfAL - FROM BOLZANO TO POINTE-\u00c0-PITRE - Premiere - Tanz Bozen\" \/>\n<meta property=\"og:description\" content=\"Eine Performance mit afro-karibischen T\u00e4nzen unter Anleitung von Chantal Lo\u00efal und ihren T\u00e4nzer:innen sowie Teilnehmer:innen der \u201eTanz Bozen\u201c-Workshops, und begleitet von Live-Musik, steht dieses Event ganz im Zeichen der Teilnahme und stellt eine Einladung an alle zum Tanzen dar. Ein fr\u00f6hlicher und festlicher Moment am Ende des ExtraDanza-Tages. &nbsp; Seit 1995 bezieht die Tanzkompanie Dif\u00e9 [&hellip;]\" \/>\n<meta property=\"og:url\" content=\"https:\/\/www.bolzanodanza.it\/de\/compagnie-dife-kako-chor-chantal-loial-from-bolzano-to-pointe-a-pitre-premiere\" \/>\n<meta property=\"og:site_name\" content=\"Tanz Bozen\" \/>\n<meta property=\"article:modified_time\" content=\"2025-07-21T08:49:38+00:00\" \/>\n<meta property=\"og:image\" content=\"https:\/\/www.bolzanodanza.it\/wp-content\/uploads\/2022\/05\/haydn-bolzano-danza-2022.jpg\" \/>\n\t<meta property=\"og:image:width\" content=\"2250\" \/>\n\t<meta property=\"og:image:height\" content=\"1260\" \/>\n\t<meta property=\"og:image:type\" content=\"image\/jpeg\" \/>\n<meta name=\"twitter:card\" content=\"summary_large_image\" \/>\n<meta name=\"twitter:label1\" content=\"Gesch\u00e4tzte Lesezeit\" \/>\n\t<meta name=\"twitter:data1\" content=\"1 Minute\" \/>\n<script type=\"application\/ld+json\" class=\"yoast-schema-graph\">{\"@context\":\"https:\/\/schema.org\",\"@graph\":[{\"@type\":\"WebPage\",\"@id\":\"https:\/\/www.bolzanodanza.it\/de\/compagnie-dife-kako-chor-chantal-loial-from-bolzano-to-pointe-a-pitre-premiere\",\"url\":\"https:\/\/www.bolzanodanza.it\/de\/compagnie-dife-kako-chor-chantal-loial-from-bolzano-to-pointe-a-pitre-premiere\",\"name\":\"COMPAGNIE DIF\u00c9 KAKO - CHOR. CHANTAL LO\u00cfAL - FROM BOLZANO TO POINTE-\u00c0-PITRE - Premiere - Tanz Bozen\",\"isPartOf\":{\"@id\":\"https:\/\/www.bolzanodanza.it\/de\/#website\"},\"datePublished\":\"2025-07-21T08:09:11+00:00\",\"dateModified\":\"2025-07-21T08:49:38+00:00\",\"breadcrumb\":{\"@id\":\"https:\/\/www.bolzanodanza.it\/de\/compagnie-dife-kako-chor-chantal-loial-from-bolzano-to-pointe-a-pitre-premiere#breadcrumb\"},\"inLanguage\":\"de-DE\",\"potentialAction\":[{\"@type\":\"ReadAction\",\"target\":[\"https:\/\/www.bolzanodanza.it\/de\/compagnie-dife-kako-chor-chantal-loial-from-bolzano-to-pointe-a-pitre-premiere\"]}]},{\"@type\":\"BreadcrumbList\",\"@id\":\"https:\/\/www.bolzanodanza.it\/de\/compagnie-dife-kako-chor-chantal-loial-from-bolzano-to-pointe-a-pitre-premiere#breadcrumb\",\"itemListElement\":[{\"@type\":\"ListItem\",\"position\":1,\"name\":\"Home\",\"item\":\"https:\/\/www.bolzanodanza.it\/de\"},{\"@type\":\"ListItem\",\"position\":2,\"name\":\"COMPAGNIE DIF\u00c9 KAKO &#8211; CHOR. CHANTAL LO\u00cfAL &#8211; FROM BOLZANO TO POINTE-\u00c0-PITRE &#8211; Premiere\"}]},{\"@type\":\"WebSite\",\"@id\":\"https:\/\/www.bolzanodanza.it\/de\/#website\",\"url\":\"https:\/\/www.bolzanodanza.it\/de\/\",\"name\":\"Tanz Bozen\",\"description\":\"Stiftung Haydn \",\"potentialAction\":[{\"@type\":\"SearchAction\",\"target\":{\"@type\":\"EntryPoint\",\"urlTemplate\":\"https:\/\/www.bolzanodanza.it\/de\/?s={search_term_string}\"},\"query-input\":{\"@type\":\"PropertyValueSpecification\",\"valueRequired\":true,\"valueName\":\"search_term_string\"}}],\"inLanguage\":\"de-DE\"}]}<\/script>\n<!-- \/ Yoast SEO plugin. -->","yoast_head_json":{"title":"COMPAGNIE DIF\u00c9 KAKO - CHOR. CHANTAL LO\u00cfAL - FROM BOLZANO TO POINTE-\u00c0-PITRE - Premiere - Tanz Bozen","robots":{"index":"index","follow":"follow","max-snippet":"max-snippet:-1","max-image-preview":"max-image-preview:large","max-video-preview":"max-video-preview:-1"},"og_locale":"de_DE","og_type":"article","og_title":"COMPAGNIE DIF\u00c9 KAKO - CHOR. CHANTAL LO\u00cfAL - FROM BOLZANO TO POINTE-\u00c0-PITRE - Premiere - Tanz Bozen","og_description":"Eine Performance mit afro-karibischen T\u00e4nzen unter Anleitung von Chantal Lo\u00efal und ihren T\u00e4nzer:innen sowie Teilnehmer:innen der \u201eTanz Bozen\u201c-Workshops, und begleitet von Live-Musik, steht dieses Event ganz im Zeichen der Teilnahme und stellt eine Einladung an alle zum Tanzen dar. Ein fr\u00f6hlicher und festlicher Moment am Ende des ExtraDanza-Tages. &nbsp; Seit 1995 bezieht die Tanzkompanie Dif\u00e9 [&hellip;]","og_url":"https:\/\/www.bolzanodanza.it\/de\/compagnie-dife-kako-chor-chantal-loial-from-bolzano-to-pointe-a-pitre-premiere","og_site_name":"Tanz Bozen","article_modified_time":"2025-07-21T08:49:38+00:00","og_image":[{"width":2250,"height":1260,"url":"https:\/\/www.bolzanodanza.it\/wp-content\/uploads\/2022\/05\/haydn-bolzano-danza-2022.jpg","type":"image\/jpeg"}],"twitter_card":"summary_large_image","twitter_misc":{"Gesch\u00e4tzte Lesezeit":"1 Minute"},"schema":{"@context":"https:\/\/schema.org","@graph":[{"@type":"WebPage","@id":"https:\/\/www.bolzanodanza.it\/de\/compagnie-dife-kako-chor-chantal-loial-from-bolzano-to-pointe-a-pitre-premiere","url":"https:\/\/www.bolzanodanza.it\/de\/compagnie-dife-kako-chor-chantal-loial-from-bolzano-to-pointe-a-pitre-premiere","name":"COMPAGNIE DIF\u00c9 KAKO - CHOR. CHANTAL LO\u00cfAL - FROM BOLZANO TO POINTE-\u00c0-PITRE - Premiere - Tanz Bozen","isPartOf":{"@id":"https:\/\/www.bolzanodanza.it\/de\/#website"},"datePublished":"2025-07-21T08:09:11+00:00","dateModified":"2025-07-21T08:49:38+00:00","breadcrumb":{"@id":"https:\/\/www.bolzanodanza.it\/de\/compagnie-dife-kako-chor-chantal-loial-from-bolzano-to-pointe-a-pitre-premiere#breadcrumb"},"inLanguage":"de-DE","potentialAction":[{"@type":"ReadAction","target":["https:\/\/www.bolzanodanza.it\/de\/compagnie-dife-kako-chor-chantal-loial-from-bolzano-to-pointe-a-pitre-premiere"]}]},{"@type":"BreadcrumbList","@id":"https:\/\/www.bolzanodanza.it\/de\/compagnie-dife-kako-chor-chantal-loial-from-bolzano-to-pointe-a-pitre-premiere#breadcrumb","itemListElement":[{"@type":"ListItem","position":1,"name":"Home","item":"https:\/\/www.bolzanodanza.it\/de"},{"@type":"ListItem","position":2,"name":"COMPAGNIE DIF\u00c9 KAKO &#8211; CHOR. CHANTAL LO\u00cfAL &#8211; FROM BOLZANO TO POINTE-\u00c0-PITRE &#8211; Premiere"}]},{"@type":"WebSite","@id":"https:\/\/www.bolzanodanza.it\/de\/#website","url":"https:\/\/www.bolzanodanza.it\/de\/","name":"Tanz Bozen","description":"Stiftung Haydn ","potentialAction":[{"@type":"SearchAction","target":{"@type":"EntryPoint","urlTemplate":"https:\/\/www.bolzanodanza.it\/de\/?s={search_term_string}"},"query-input":{"@type":"PropertyValueSpecification","valueRequired":true,"valueName":"search_term_string"}}],"inLanguage":"de-DE"}]}},"_links":{"self":[{"href":"https:\/\/www.bolzanodanza.it\/de\/wp-json\/wp\/v2\/pages\/141384","targetHints":{"allow":["GET"]}}],"collection":[{"href":"https:\/\/www.bolzanodanza.it\/de\/wp-json\/wp\/v2\/pages"}],"about":[{"href":"https:\/\/www.bolzanodanza.it\/de\/wp-json\/wp\/v2\/types\/page"}],"author":[{"embeddable":true,"href":"https:\/\/www.bolzanodanza.it\/de\/wp-json\/wp\/v2\/users\/11"}],"replies":[{"embeddable":true,"href":"https:\/\/www.bolzanodanza.it\/de\/wp-json\/wp\/v2\/comments?post=141384"}],"version-history":[{"count":0,"href":"https:\/\/www.bolzanodanza.it\/de\/wp-json\/wp\/v2\/pages\/141384\/revisions"}],"wp:attachment":[{"href":"https:\/\/www.bolzanodanza.it\/de\/wp-json\/wp\/v2\/media?parent=141384"}],"curies":[{"name":"wp","href":"https:\/\/api.w.org\/{rel}","templated":true}]}}