{"id":141377,"date":"2025-07-20T13:53:54","date_gmt":"2025-07-20T11:53:54","guid":{"rendered":"https:\/\/www.bolzanodanza.it\/?page_id=141377"},"modified":"2025-07-20T14:19:55","modified_gmt":"2025-07-20T12:19:55","slug":"matteo-sedda-fuck-me-blind-preview","status":"publish","type":"page","link":"https:\/\/www.bolzanodanza.it\/de\/matteo-sedda-fuck-me-blind-preview","title":{"rendered":"MATTEO SEDDA &#8211; FUCK ME BLIND &#8211; Preview"},"content":{"rendered":"<p>Das Duo <strong>FUCK ME BLIND<\/strong> ist inspiriert von Blue, dem letzten autobiografischen Film, den Derek Jarman nur wenige Monate bevor er an AIDS starb, drehte. Darin setzt sich Jarman, fast erblindet, mit seinem bevorstehenden Tod auseinander und bekr\u00e4ftigt seinen Anspruch, weiterzuleben. Das \u201eInternational Klein Blue\u201c, eine Farbe, die dem Regisseur sehr am Herzen lag, und das einzige Bild des Films, bilden den Ausgangspunkt dieser Choreografie, in der sich die K\u00f6rper unaufh\u00f6rlich in Richtung Unendlichkeit drehen. Mit denselben nicht-narrativen Mitteln wie der Film beschw\u00f6rt <strong>FUCK ME BLIND<\/strong> eine hypnotische Erfahrung vor dem Hintergrund einer homoerotischen Landschaft und mittels \u00e4sthetischer Codes, die an einen homoerotischen Volkstanz erinnern. Der Tanz der beiden K\u00f6rper symbolisiert die gegens\u00e4tzlichen und doch untrennbaren Kr\u00e4fte Eros und Thanatos und untermauert den Existenzanspruch des Regisseurs.<\/p>\n<p>&nbsp;<\/p>\n<p><strong>Matteo Sedda<\/strong> ist Choreograf, T\u00e4nzer und Aktivist und stammt aus Sardinien. Er arbeitet als Freelancer f\u00fcr verschiedene K\u00fcnstler, darunter Jan Fabre, Enzo Cosimi, A\u00efda Gabri\u00ebls und Igor x Moreno. Seit 2018 ist seine choreografische Arbeit stark von seiner HIV-Erkrankung gepr\u00e4gt. Indem er die Konzepte Begehren und Verletzlichkeit erforscht, setzt er sich auf neue Weise mit AIDS auseinander und erneuert den Dialog zwischen historischer Erinnerung und k\u00fcnstlerischer Aufarbeitung. Sein erstes Solo POZ!, in dem er sich als HIV-positiv outete, wurde zu einem k\u00fcnstlerischen Manifest. FUCK ME BLIND, Gewinner der DNAppunti Coreografici 2024, wird am 19. Oktober 2025 beim Romaeuropa Festival uraufgef\u00fchrt.<\/p>\n<p>&nbsp;<\/p>\n<p>MITWIRKENDE<br \/>\nIdee und Regie: <strong>Matteo Sedda<\/strong> \/ Choreografie und Performance: <strong>Marco Labellarte, Matteo Sedda<\/strong> \/ Ton: <strong>Gio Megrelishvili<\/strong> \/ Dramaturgie und Lichtdesign: <strong>Margherita Scalise<\/strong> \/ Kost\u00fcmdesign: <strong>Maarten Van Mulken<\/strong> \/ Mentoring: <strong>Igor Urzelai Hernando, Moreno Solinas<\/strong> \/ Produktion: <strong>Fuorimargine \u2013 Centro di Produzione di Danza e Arti Performative della Sardegna<\/strong> \/ Koproduktion: <strong>Th\u00e9\u00e2tre de Vanves, Sc\u00e8ne conventionn\u00e9e d\u02bcint\u00e9r\u00eat national<\/strong> \/ Mit Unterst\u00fctzung von: <strong>Grand Studio (BE)<\/strong> \/ Gewinnerprojekt von <strong>DNAppunticoreografici<\/strong> \/ Gef\u00f6rdert und unterst\u00fctzt von: <strong>Fondazione Romaeuropa, .Gender Bender Festival, Triennale Milano Teatro, Centro Nazionale di produzione della danza Virgilio Sieni, Operaestate Festival\/Centro per la scena contemporanea, Bassano del Grappa, und L\u02bcarboreto \u2013 Teatro Dimora di Mondain<\/strong><\/p>\n<p>&nbsp;<\/p>\n<p>In Zusammenarbeit mit <strong>DNA Appunti Coreografici &#8211; Romaeuropa Festival\u00a0<\/strong><\/p>\n","protected":false},"excerpt":{"rendered":"<p>Das Duo FUCK ME BLIND ist inspiriert von Blue, dem letzten autobiografischen Film, den Derek Jarman nur wenige Monate bevor er an AIDS starb, drehte. Darin setzt sich Jarman, fast erblindet, mit seinem bevorstehenden Tod auseinander und bekr\u00e4ftigt seinen Anspruch, weiterzuleben. Das \u201eInternational Klein Blue\u201c, eine Farbe, die dem Regisseur sehr am Herzen lag, und [&hellip;]<\/p>\n","protected":false},"author":11,"featured_media":0,"parent":0,"menu_order":0,"comment_status":"closed","ping_status":"closed","template":"","meta":{"_acf_changed":false,"footnotes":""},"class_list":["post-141377","page","type-page","status-publish","hentry"],"acf":[],"yoast_head":"<!-- This site is optimized with the Yoast SEO plugin v26.8 - https:\/\/yoast.com\/product\/yoast-seo-wordpress\/ -->\n<title>MATTEO SEDDA - FUCK ME BLIND - Preview - Tanz Bozen<\/title>\n<meta name=\"robots\" content=\"index, follow, max-snippet:-1, max-image-preview:large, max-video-preview:-1\" \/>\n<meta property=\"og:locale\" content=\"de_DE\" \/>\n<meta property=\"og:type\" content=\"article\" \/>\n<meta property=\"og:title\" content=\"MATTEO SEDDA - FUCK ME BLIND - Preview - Tanz Bozen\" \/>\n<meta property=\"og:description\" content=\"Das Duo FUCK ME BLIND ist inspiriert von Blue, dem letzten autobiografischen Film, den Derek Jarman nur wenige Monate bevor er an AIDS starb, drehte. Darin setzt sich Jarman, fast erblindet, mit seinem bevorstehenden Tod auseinander und bekr\u00e4ftigt seinen Anspruch, weiterzuleben. Das \u201eInternational Klein Blue\u201c, eine Farbe, die dem Regisseur sehr am Herzen lag, und [&hellip;]\" \/>\n<meta property=\"og:url\" content=\"https:\/\/www.bolzanodanza.it\/de\/matteo-sedda-fuck-me-blind-preview\" \/>\n<meta property=\"og:site_name\" content=\"Tanz Bozen\" \/>\n<meta property=\"article:modified_time\" content=\"2025-07-20T12:19:55+00:00\" \/>\n<meta property=\"og:image\" content=\"https:\/\/www.bolzanodanza.it\/wp-content\/uploads\/2022\/05\/haydn-bolzano-danza-2022.jpg\" \/>\n\t<meta property=\"og:image:width\" content=\"2250\" \/>\n\t<meta property=\"og:image:height\" content=\"1260\" \/>\n\t<meta property=\"og:image:type\" content=\"image\/jpeg\" \/>\n<meta name=\"twitter:card\" content=\"summary_large_image\" \/>\n<meta name=\"twitter:label1\" content=\"Gesch\u00e4tzte Lesezeit\" \/>\n\t<meta name=\"twitter:data1\" content=\"2 Minuten\" \/>\n<script type=\"application\/ld+json\" class=\"yoast-schema-graph\">{\"@context\":\"https:\/\/schema.org\",\"@graph\":[{\"@type\":\"WebPage\",\"@id\":\"https:\/\/www.bolzanodanza.it\/de\/matteo-sedda-fuck-me-blind-preview\",\"url\":\"https:\/\/www.bolzanodanza.it\/de\/matteo-sedda-fuck-me-blind-preview\",\"name\":\"MATTEO SEDDA - FUCK ME BLIND - Preview - Tanz Bozen\",\"isPartOf\":{\"@id\":\"https:\/\/www.bolzanodanza.it\/de\/#website\"},\"datePublished\":\"2025-07-20T11:53:54+00:00\",\"dateModified\":\"2025-07-20T12:19:55+00:00\",\"breadcrumb\":{\"@id\":\"https:\/\/www.bolzanodanza.it\/de\/matteo-sedda-fuck-me-blind-preview#breadcrumb\"},\"inLanguage\":\"de-DE\",\"potentialAction\":[{\"@type\":\"ReadAction\",\"target\":[\"https:\/\/www.bolzanodanza.it\/de\/matteo-sedda-fuck-me-blind-preview\"]}]},{\"@type\":\"BreadcrumbList\",\"@id\":\"https:\/\/www.bolzanodanza.it\/de\/matteo-sedda-fuck-me-blind-preview#breadcrumb\",\"itemListElement\":[{\"@type\":\"ListItem\",\"position\":1,\"name\":\"Home\",\"item\":\"https:\/\/www.bolzanodanza.it\/de\"},{\"@type\":\"ListItem\",\"position\":2,\"name\":\"MATTEO SEDDA &#8211; FUCK ME BLIND &#8211; Preview\"}]},{\"@type\":\"WebSite\",\"@id\":\"https:\/\/www.bolzanodanza.it\/de\/#website\",\"url\":\"https:\/\/www.bolzanodanza.it\/de\/\",\"name\":\"Tanz Bozen\",\"description\":\"Stiftung Haydn \",\"potentialAction\":[{\"@type\":\"SearchAction\",\"target\":{\"@type\":\"EntryPoint\",\"urlTemplate\":\"https:\/\/www.bolzanodanza.it\/de\/?s={search_term_string}\"},\"query-input\":{\"@type\":\"PropertyValueSpecification\",\"valueRequired\":true,\"valueName\":\"search_term_string\"}}],\"inLanguage\":\"de-DE\"}]}<\/script>\n<!-- \/ Yoast SEO plugin. -->","yoast_head_json":{"title":"MATTEO SEDDA - FUCK ME BLIND - Preview - Tanz Bozen","robots":{"index":"index","follow":"follow","max-snippet":"max-snippet:-1","max-image-preview":"max-image-preview:large","max-video-preview":"max-video-preview:-1"},"og_locale":"de_DE","og_type":"article","og_title":"MATTEO SEDDA - FUCK ME BLIND - Preview - Tanz Bozen","og_description":"Das Duo FUCK ME BLIND ist inspiriert von Blue, dem letzten autobiografischen Film, den Derek Jarman nur wenige Monate bevor er an AIDS starb, drehte. Darin setzt sich Jarman, fast erblindet, mit seinem bevorstehenden Tod auseinander und bekr\u00e4ftigt seinen Anspruch, weiterzuleben. Das \u201eInternational Klein Blue\u201c, eine Farbe, die dem Regisseur sehr am Herzen lag, und [&hellip;]","og_url":"https:\/\/www.bolzanodanza.it\/de\/matteo-sedda-fuck-me-blind-preview","og_site_name":"Tanz Bozen","article_modified_time":"2025-07-20T12:19:55+00:00","og_image":[{"width":2250,"height":1260,"url":"https:\/\/www.bolzanodanza.it\/wp-content\/uploads\/2022\/05\/haydn-bolzano-danza-2022.jpg","type":"image\/jpeg"}],"twitter_card":"summary_large_image","twitter_misc":{"Gesch\u00e4tzte Lesezeit":"2 Minuten"},"schema":{"@context":"https:\/\/schema.org","@graph":[{"@type":"WebPage","@id":"https:\/\/www.bolzanodanza.it\/de\/matteo-sedda-fuck-me-blind-preview","url":"https:\/\/www.bolzanodanza.it\/de\/matteo-sedda-fuck-me-blind-preview","name":"MATTEO SEDDA - FUCK ME BLIND - Preview - Tanz Bozen","isPartOf":{"@id":"https:\/\/www.bolzanodanza.it\/de\/#website"},"datePublished":"2025-07-20T11:53:54+00:00","dateModified":"2025-07-20T12:19:55+00:00","breadcrumb":{"@id":"https:\/\/www.bolzanodanza.it\/de\/matteo-sedda-fuck-me-blind-preview#breadcrumb"},"inLanguage":"de-DE","potentialAction":[{"@type":"ReadAction","target":["https:\/\/www.bolzanodanza.it\/de\/matteo-sedda-fuck-me-blind-preview"]}]},{"@type":"BreadcrumbList","@id":"https:\/\/www.bolzanodanza.it\/de\/matteo-sedda-fuck-me-blind-preview#breadcrumb","itemListElement":[{"@type":"ListItem","position":1,"name":"Home","item":"https:\/\/www.bolzanodanza.it\/de"},{"@type":"ListItem","position":2,"name":"MATTEO SEDDA &#8211; FUCK ME BLIND &#8211; Preview"}]},{"@type":"WebSite","@id":"https:\/\/www.bolzanodanza.it\/de\/#website","url":"https:\/\/www.bolzanodanza.it\/de\/","name":"Tanz Bozen","description":"Stiftung Haydn ","potentialAction":[{"@type":"SearchAction","target":{"@type":"EntryPoint","urlTemplate":"https:\/\/www.bolzanodanza.it\/de\/?s={search_term_string}"},"query-input":{"@type":"PropertyValueSpecification","valueRequired":true,"valueName":"search_term_string"}}],"inLanguage":"de-DE"}]}},"_links":{"self":[{"href":"https:\/\/www.bolzanodanza.it\/de\/wp-json\/wp\/v2\/pages\/141377","targetHints":{"allow":["GET"]}}],"collection":[{"href":"https:\/\/www.bolzanodanza.it\/de\/wp-json\/wp\/v2\/pages"}],"about":[{"href":"https:\/\/www.bolzanodanza.it\/de\/wp-json\/wp\/v2\/types\/page"}],"author":[{"embeddable":true,"href":"https:\/\/www.bolzanodanza.it\/de\/wp-json\/wp\/v2\/users\/11"}],"replies":[{"embeddable":true,"href":"https:\/\/www.bolzanodanza.it\/de\/wp-json\/wp\/v2\/comments?post=141377"}],"version-history":[{"count":0,"href":"https:\/\/www.bolzanodanza.it\/de\/wp-json\/wp\/v2\/pages\/141377\/revisions"}],"wp:attachment":[{"href":"https:\/\/www.bolzanodanza.it\/de\/wp-json\/wp\/v2\/media?parent=141377"}],"curies":[{"name":"wp","href":"https:\/\/api.w.org\/{rel}","templated":true}]}}