{"id":141370,"date":"2025-07-20T11:23:16","date_gmt":"2025-07-20T09:23:16","guid":{"rendered":"https:\/\/www.bolzanodanza.it\/?page_id=141370"},"modified":"2025-07-20T12:10:00","modified_gmt":"2025-07-20T10:10:00","slug":"francesca-santamaria-good-vibes-only-the-great-effort-studio","status":"publish","type":"page","link":"https:\/\/www.bolzanodanza.it\/de\/francesca-santamaria-good-vibes-only-the-great-effort-studio","title":{"rendered":"FRANCESCA SANTAMARIA &#8211; GOOD VIBES ONLY (the great effort) \u2013 Studio"},"content":{"rendered":"<p><strong>GOOD VIBES ONLY (the great effort)<\/strong> ist der zweite Teil der GOOD VIBES ONLY-Trilogie, eines vernetzten Projekts, das den Vorgang des Scrollens mit dem K\u00f6rper erkundet. Eine einzige, sich wiederholende, obsessive Geste, die der Mensch des einundzwanzigsten Jahrhunderts automatisch Hunderte Male am Tag ausf\u00fchrt. So einfach dieser physische Ablauf auch ist, so wirft er dennoch eine Reihe existenzieller, politischer, soziologischer und ethischer Fragen \u00fcber die zeitgen\u00f6ssische Welt auf. Das Projekt geht auf eine kritische Reflexion des 2022 gegr\u00fcndeten sozialen Netzwerks TikTok zur\u00fcck und geht den Fragen nach: Wie l\u00e4sst sich die dem Scrollen zugrundeliegende Logik vom Bildschirm auf den K\u00f6rper \u00fcbertragen? Wie kann man den Betrachtungsmechanismus, der beim Scrollen in sozialen Netzwerken abl\u00e4uft, auf der B\u00fchne nachbilden? Und was sind die Auswirkungen davon?<\/p>\n<p>&nbsp;<\/p>\n<p><strong>Francesca Santamaria<\/strong> ist im Bereich der Darstellenden K\u00fcnste t\u00e4tig. Sie forscht \u00fcber die zeitgen\u00f6ssische Performance und untersucht und reflektiert anhand des sich bewegenden K\u00f6rpers und seiner Grenzen das Konzept des Performens. Ihre kreative Reise begann 2021. 2022 nahm sie an dem choreografischen Forschungsprojekt Incubatore per futur_ coreograf_ CIMD teil. Ihre Arbeiten werden auf nationalen und internationalen Festivals und Ausstellungen wie der Vetrina della giovane danza d&#8217;autore, dem Romaeuropa Festival, dem Contemporanea Festival, der B.Motion \u2013 Operaestate, MILANoLTRE und der Danza in Rete pr\u00e4sentiert.<\/p>\n<p>&nbsp;<\/p>\n<p>MITWIRKENDE<br \/>\nKonzept und Performance: <strong>Francesca Santamaria<\/strong> \/ Dramaturgische Mitarbeit: <strong>Pietro Angelini<\/strong> \/ Sounddramaturgie und Live-Set: <strong>Ramingo<\/strong> \/ Beleuchtung: <strong>Fabrizio Cicero<\/strong> \/ Kost\u00fcmdesign: <strong>Vittorio Gargiuolo<\/strong> \/ Styling: <strong>Elena Luca<\/strong> \/ Bewegungscoaching: <strong>Beatrice Pozzi<\/strong> \/ Technische Leitung: <strong>Giovanni Di Capua \/ <\/strong>Projektzusammenarbeit: <strong>Rossella Piazzese <\/strong>\/ Produktion: <strong>codeduomo\/perypezye urbane ets<\/strong> \/ In Koproduktion mit: <strong>Romaeuropa Festival<\/strong> \/ In Zusammenarbeit mit: <strong>TIR danza<\/strong> \/ Mit Unterst\u00fctzung von: <strong>Operaestate Festival Veneto<\/strong> \/ Mit Unterst\u00fctzung von: <strong>Fondazione Teatro Comunale Citt\u00e0 di Vicenza\/Danza in rete, incubatore per futur_ coreograf_ cimd 22\/24<\/strong> \/ K\u00fcnstlerresdidenz: <strong>Das \u2013 dispositivo arti sperimentali, Fondazione Armunia, Fondazione Teatro Comunale Citt\u00e0 di Vicenza<\/strong> \/ Produktionsresidenz: <strong>Carrozzerie n.o.t.<\/strong> \/ Dank an: <strong>Balletto di Roma<\/strong><\/p>\n<p>&nbsp;<\/p>\n<p>In Zusammenarbeit mit <strong>DNA Appunti Coreografici &#8211; Romaeuropa Festival<\/strong><\/p>\n","protected":false},"excerpt":{"rendered":"<p>GOOD VIBES ONLY (the great effort) ist der zweite Teil der GOOD VIBES ONLY-Trilogie, eines vernetzten Projekts, das den Vorgang des Scrollens mit dem K\u00f6rper erkundet. Eine einzige, sich wiederholende, obsessive Geste, die der Mensch des einundzwanzigsten Jahrhunderts automatisch Hunderte Male am Tag ausf\u00fchrt. So einfach dieser physische Ablauf auch ist, so wirft er dennoch [&hellip;]<\/p>\n","protected":false},"author":11,"featured_media":0,"parent":0,"menu_order":0,"comment_status":"closed","ping_status":"closed","template":"","meta":{"_acf_changed":false,"footnotes":""},"class_list":["post-141370","page","type-page","status-publish","hentry"],"acf":[],"yoast_head":"<!-- This site is optimized with the Yoast SEO plugin v26.8 - https:\/\/yoast.com\/product\/yoast-seo-wordpress\/ -->\n<title>FRANCESCA SANTAMARIA - GOOD VIBES ONLY (the great effort) \u2013 Studio - Tanz Bozen<\/title>\n<meta name=\"robots\" content=\"index, follow, max-snippet:-1, max-image-preview:large, max-video-preview:-1\" \/>\n<meta property=\"og:locale\" content=\"de_DE\" \/>\n<meta property=\"og:type\" content=\"article\" \/>\n<meta property=\"og:title\" content=\"FRANCESCA SANTAMARIA - GOOD VIBES ONLY (the great effort) \u2013 Studio - Tanz Bozen\" \/>\n<meta property=\"og:description\" content=\"GOOD VIBES ONLY (the great effort) ist der zweite Teil der GOOD VIBES ONLY-Trilogie, eines vernetzten Projekts, das den Vorgang des Scrollens mit dem K\u00f6rper erkundet. Eine einzige, sich wiederholende, obsessive Geste, die der Mensch des einundzwanzigsten Jahrhunderts automatisch Hunderte Male am Tag ausf\u00fchrt. So einfach dieser physische Ablauf auch ist, so wirft er dennoch [&hellip;]\" \/>\n<meta property=\"og:url\" content=\"https:\/\/www.bolzanodanza.it\/de\/francesca-santamaria-good-vibes-only-the-great-effort-studio\" \/>\n<meta property=\"og:site_name\" content=\"Tanz Bozen\" \/>\n<meta property=\"article:modified_time\" content=\"2025-07-20T10:10:00+00:00\" \/>\n<meta property=\"og:image\" content=\"https:\/\/www.bolzanodanza.it\/wp-content\/uploads\/2022\/05\/haydn-bolzano-danza-2022.jpg\" \/>\n\t<meta property=\"og:image:width\" content=\"2250\" \/>\n\t<meta property=\"og:image:height\" content=\"1260\" \/>\n\t<meta property=\"og:image:type\" content=\"image\/jpeg\" \/>\n<meta name=\"twitter:card\" content=\"summary_large_image\" \/>\n<meta name=\"twitter:label1\" content=\"Gesch\u00e4tzte Lesezeit\" \/>\n\t<meta name=\"twitter:data1\" content=\"2 Minuten\" \/>\n<script type=\"application\/ld+json\" class=\"yoast-schema-graph\">{\"@context\":\"https:\/\/schema.org\",\"@graph\":[{\"@type\":\"WebPage\",\"@id\":\"https:\/\/www.bolzanodanza.it\/de\/francesca-santamaria-good-vibes-only-the-great-effort-studio\",\"url\":\"https:\/\/www.bolzanodanza.it\/de\/francesca-santamaria-good-vibes-only-the-great-effort-studio\",\"name\":\"FRANCESCA SANTAMARIA - GOOD VIBES ONLY (the great effort) \u2013 Studio - Tanz Bozen\",\"isPartOf\":{\"@id\":\"https:\/\/www.bolzanodanza.it\/de\/#website\"},\"datePublished\":\"2025-07-20T09:23:16+00:00\",\"dateModified\":\"2025-07-20T10:10:00+00:00\",\"breadcrumb\":{\"@id\":\"https:\/\/www.bolzanodanza.it\/de\/francesca-santamaria-good-vibes-only-the-great-effort-studio#breadcrumb\"},\"inLanguage\":\"de-DE\",\"potentialAction\":[{\"@type\":\"ReadAction\",\"target\":[\"https:\/\/www.bolzanodanza.it\/de\/francesca-santamaria-good-vibes-only-the-great-effort-studio\"]}]},{\"@type\":\"BreadcrumbList\",\"@id\":\"https:\/\/www.bolzanodanza.it\/de\/francesca-santamaria-good-vibes-only-the-great-effort-studio#breadcrumb\",\"itemListElement\":[{\"@type\":\"ListItem\",\"position\":1,\"name\":\"Home\",\"item\":\"https:\/\/www.bolzanodanza.it\/de\"},{\"@type\":\"ListItem\",\"position\":2,\"name\":\"FRANCESCA SANTAMARIA &#8211; GOOD VIBES ONLY (the great effort) \u2013 Studio\"}]},{\"@type\":\"WebSite\",\"@id\":\"https:\/\/www.bolzanodanza.it\/de\/#website\",\"url\":\"https:\/\/www.bolzanodanza.it\/de\/\",\"name\":\"Tanz Bozen\",\"description\":\"Stiftung Haydn \",\"potentialAction\":[{\"@type\":\"SearchAction\",\"target\":{\"@type\":\"EntryPoint\",\"urlTemplate\":\"https:\/\/www.bolzanodanza.it\/de\/?s={search_term_string}\"},\"query-input\":{\"@type\":\"PropertyValueSpecification\",\"valueRequired\":true,\"valueName\":\"search_term_string\"}}],\"inLanguage\":\"de-DE\"}]}<\/script>\n<!-- \/ Yoast SEO plugin. -->","yoast_head_json":{"title":"FRANCESCA SANTAMARIA - GOOD VIBES ONLY (the great effort) \u2013 Studio - Tanz Bozen","robots":{"index":"index","follow":"follow","max-snippet":"max-snippet:-1","max-image-preview":"max-image-preview:large","max-video-preview":"max-video-preview:-1"},"og_locale":"de_DE","og_type":"article","og_title":"FRANCESCA SANTAMARIA - GOOD VIBES ONLY (the great effort) \u2013 Studio - Tanz Bozen","og_description":"GOOD VIBES ONLY (the great effort) ist der zweite Teil der GOOD VIBES ONLY-Trilogie, eines vernetzten Projekts, das den Vorgang des Scrollens mit dem K\u00f6rper erkundet. Eine einzige, sich wiederholende, obsessive Geste, die der Mensch des einundzwanzigsten Jahrhunderts automatisch Hunderte Male am Tag ausf\u00fchrt. So einfach dieser physische Ablauf auch ist, so wirft er dennoch [&hellip;]","og_url":"https:\/\/www.bolzanodanza.it\/de\/francesca-santamaria-good-vibes-only-the-great-effort-studio","og_site_name":"Tanz Bozen","article_modified_time":"2025-07-20T10:10:00+00:00","og_image":[{"width":2250,"height":1260,"url":"https:\/\/www.bolzanodanza.it\/wp-content\/uploads\/2022\/05\/haydn-bolzano-danza-2022.jpg","type":"image\/jpeg"}],"twitter_card":"summary_large_image","twitter_misc":{"Gesch\u00e4tzte Lesezeit":"2 Minuten"},"schema":{"@context":"https:\/\/schema.org","@graph":[{"@type":"WebPage","@id":"https:\/\/www.bolzanodanza.it\/de\/francesca-santamaria-good-vibes-only-the-great-effort-studio","url":"https:\/\/www.bolzanodanza.it\/de\/francesca-santamaria-good-vibes-only-the-great-effort-studio","name":"FRANCESCA SANTAMARIA - GOOD VIBES ONLY (the great effort) \u2013 Studio - Tanz Bozen","isPartOf":{"@id":"https:\/\/www.bolzanodanza.it\/de\/#website"},"datePublished":"2025-07-20T09:23:16+00:00","dateModified":"2025-07-20T10:10:00+00:00","breadcrumb":{"@id":"https:\/\/www.bolzanodanza.it\/de\/francesca-santamaria-good-vibes-only-the-great-effort-studio#breadcrumb"},"inLanguage":"de-DE","potentialAction":[{"@type":"ReadAction","target":["https:\/\/www.bolzanodanza.it\/de\/francesca-santamaria-good-vibes-only-the-great-effort-studio"]}]},{"@type":"BreadcrumbList","@id":"https:\/\/www.bolzanodanza.it\/de\/francesca-santamaria-good-vibes-only-the-great-effort-studio#breadcrumb","itemListElement":[{"@type":"ListItem","position":1,"name":"Home","item":"https:\/\/www.bolzanodanza.it\/de"},{"@type":"ListItem","position":2,"name":"FRANCESCA SANTAMARIA &#8211; GOOD VIBES ONLY (the great effort) \u2013 Studio"}]},{"@type":"WebSite","@id":"https:\/\/www.bolzanodanza.it\/de\/#website","url":"https:\/\/www.bolzanodanza.it\/de\/","name":"Tanz Bozen","description":"Stiftung Haydn ","potentialAction":[{"@type":"SearchAction","target":{"@type":"EntryPoint","urlTemplate":"https:\/\/www.bolzanodanza.it\/de\/?s={search_term_string}"},"query-input":{"@type":"PropertyValueSpecification","valueRequired":true,"valueName":"search_term_string"}}],"inLanguage":"de-DE"}]}},"_links":{"self":[{"href":"https:\/\/www.bolzanodanza.it\/de\/wp-json\/wp\/v2\/pages\/141370","targetHints":{"allow":["GET"]}}],"collection":[{"href":"https:\/\/www.bolzanodanza.it\/de\/wp-json\/wp\/v2\/pages"}],"about":[{"href":"https:\/\/www.bolzanodanza.it\/de\/wp-json\/wp\/v2\/types\/page"}],"author":[{"embeddable":true,"href":"https:\/\/www.bolzanodanza.it\/de\/wp-json\/wp\/v2\/users\/11"}],"replies":[{"embeddable":true,"href":"https:\/\/www.bolzanodanza.it\/de\/wp-json\/wp\/v2\/comments?post=141370"}],"version-history":[{"count":0,"href":"https:\/\/www.bolzanodanza.it\/de\/wp-json\/wp\/v2\/pages\/141370\/revisions"}],"wp:attachment":[{"href":"https:\/\/www.bolzanodanza.it\/de\/wp-json\/wp\/v2\/media?parent=141370"}],"curies":[{"name":"wp","href":"https:\/\/api.w.org\/{rel}","templated":true}]}}