{"id":141282,"date":"2025-07-14T14:22:50","date_gmt":"2025-07-14T12:22:50","guid":{"rendered":"https:\/\/www.bolzanodanza.it\/?page_id=141282"},"modified":"2025-07-24T16:30:41","modified_gmt":"2025-07-24T14:30:41","slug":"stefania-tansini-und-hier-wird-ein-text-beginnen","status":"publish","type":"page","link":"https:\/\/www.bolzanodanza.it\/de\/stefania-tansini-und-hier-wird-ein-text-beginnen","title":{"rendered":"Stefania Tansini &#8211; Und hier wird ein Text beginnen"},"content":{"rendered":"<p>Und hier beginnt ein Text \u00fcber den K\u00f6rper. \u00dcber den K\u00f6rper<br \/>\n\u00dcber das Blau<br \/>\n\u00dcber den K\u00f6rper<br \/>\n\u00dcber R\u00e4ume und Zeit<br \/>\n\u00dcber mich<br \/>\n\u00dcber das Rot<br \/>\n\u00dcber die Organe<br \/>\n\u00dcber das Unaussprechbare<br \/>\n\u00dcber das Unm\u00f6gliche, das unm\u00f6glich ist, das nicht m\u00f6glich ist<br \/>\n\u00dcber die Haut, \u00fcber die Haut von wem. \u00dcber die Haut, die verloren geht. Verloren geht die Haut von wem. \u00dcber das Unsagbare<br \/>\n\u00dcber das Zersplitterte, das Zerlegte, das Abgespaltene, das Unber\u00fchrbare, das Unfassbare, das Unz\u00e4hmbare. \u00dcber das Unsagbare<br \/>\n\u00dcber etwas, das existiert<br \/>\n\u00dcber das Wei\u00df<br \/>\n\u00dcber Wahrnehmungen. \u00dcber Obsessionen.<br \/>\n\u00dcber Schwebezust\u00e4nde. \u00dcber Dauer<br \/>\n\u00dcber Materie<br \/>\n\u00dcber Blut<br \/>\n\u00dcber Beine<br \/>\n\u00dcber den Abgrund, \u00fcber Abgr\u00fcnde, \u00fcber Schwindel.<br \/>\n\u00dcber Bewegungen<br \/>\n\u00dcber Masse<br \/>\n\u00dcber Zirkulation<br \/>\n\u00dcber Fr\u00f6sche<br \/>\n\u00dcber Fr\u00f6sche, \u00fcber Schnecken und Skorpione<br \/>\n\u00dcber etwas, das existiert<br \/>\n\u00dcber das Gras, das dort nicht sein sollte<br \/>\n\u00dcber Beine<br \/>\n\u00dcber Schwefel und Safran<br \/>\n\u00dcber den Magen<br \/>\n\u00dcber Zirkulation<br \/>\n\u00dcber Gesten, \u00fcber einfache Gesten, \u00fcber das Aufgeben der einfachsten Gesten<br \/>\n\u00dcber einen K\u00f6rper, den man tragen muss<\/p>\n","protected":false},"excerpt":{"rendered":"<p>Und hier beginnt ein Text \u00fcber den K\u00f6rper. \u00dcber den K\u00f6rper \u00dcber das Blau \u00dcber den K\u00f6rper \u00dcber R\u00e4ume und Zeit \u00dcber mich \u00dcber das Rot \u00dcber die Organe \u00dcber das Unaussprechbare \u00dcber das Unm\u00f6gliche, das unm\u00f6glich ist, das nicht m\u00f6glich ist \u00dcber die Haut, \u00fcber die Haut von wem. \u00dcber die Haut, die verloren [&hellip;]<\/p>\n","protected":false},"author":11,"featured_media":0,"parent":0,"menu_order":0,"comment_status":"closed","ping_status":"closed","template":"","meta":{"_acf_changed":false,"footnotes":""},"class_list":["post-141282","page","type-page","status-publish","hentry"],"acf":[],"yoast_head":"<!-- This site is optimized with the Yoast SEO plugin v26.8 - https:\/\/yoast.com\/product\/yoast-seo-wordpress\/ -->\n<title>Stefania Tansini - Und hier wird ein Text beginnen - Tanz Bozen<\/title>\n<meta name=\"robots\" content=\"index, follow, max-snippet:-1, max-image-preview:large, max-video-preview:-1\" \/>\n<meta property=\"og:locale\" content=\"de_DE\" \/>\n<meta property=\"og:type\" content=\"article\" \/>\n<meta property=\"og:title\" content=\"Stefania Tansini - Und hier wird ein Text beginnen - Tanz Bozen\" \/>\n<meta property=\"og:description\" content=\"Und hier beginnt ein Text \u00fcber den K\u00f6rper. \u00dcber den K\u00f6rper \u00dcber das Blau \u00dcber den K\u00f6rper \u00dcber R\u00e4ume und Zeit \u00dcber mich \u00dcber das Rot \u00dcber die Organe \u00dcber das Unaussprechbare \u00dcber das Unm\u00f6gliche, das unm\u00f6glich ist, das nicht m\u00f6glich ist \u00dcber die Haut, \u00fcber die Haut von wem. \u00dcber die Haut, die verloren [&hellip;]\" \/>\n<meta property=\"og:url\" content=\"https:\/\/www.bolzanodanza.it\/de\/stefania-tansini-und-hier-wird-ein-text-beginnen\" \/>\n<meta property=\"og:site_name\" content=\"Tanz Bozen\" \/>\n<meta property=\"article:modified_time\" content=\"2025-07-24T14:30:41+00:00\" \/>\n<meta property=\"og:image\" content=\"https:\/\/www.bolzanodanza.it\/wp-content\/uploads\/2022\/05\/haydn-bolzano-danza-2022.jpg\" \/>\n\t<meta property=\"og:image:width\" content=\"2250\" \/>\n\t<meta property=\"og:image:height\" content=\"1260\" \/>\n\t<meta property=\"og:image:type\" content=\"image\/jpeg\" \/>\n<meta name=\"twitter:card\" content=\"summary_large_image\" \/>\n<meta name=\"twitter:label1\" content=\"Gesch\u00e4tzte Lesezeit\" \/>\n\t<meta name=\"twitter:data1\" content=\"1 Minute\" \/>\n<script type=\"application\/ld+json\" class=\"yoast-schema-graph\">{\"@context\":\"https:\/\/schema.org\",\"@graph\":[{\"@type\":\"WebPage\",\"@id\":\"https:\/\/www.bolzanodanza.it\/de\/stefania-tansini-und-hier-wird-ein-text-beginnen\",\"url\":\"https:\/\/www.bolzanodanza.it\/de\/stefania-tansini-und-hier-wird-ein-text-beginnen\",\"name\":\"Stefania Tansini - Und hier wird ein Text beginnen - Tanz Bozen\",\"isPartOf\":{\"@id\":\"https:\/\/www.bolzanodanza.it\/de\/#website\"},\"datePublished\":\"2025-07-14T12:22:50+00:00\",\"dateModified\":\"2025-07-24T14:30:41+00:00\",\"breadcrumb\":{\"@id\":\"https:\/\/www.bolzanodanza.it\/de\/stefania-tansini-und-hier-wird-ein-text-beginnen#breadcrumb\"},\"inLanguage\":\"de-DE\",\"potentialAction\":[{\"@type\":\"ReadAction\",\"target\":[\"https:\/\/www.bolzanodanza.it\/de\/stefania-tansini-und-hier-wird-ein-text-beginnen\"]}]},{\"@type\":\"BreadcrumbList\",\"@id\":\"https:\/\/www.bolzanodanza.it\/de\/stefania-tansini-und-hier-wird-ein-text-beginnen#breadcrumb\",\"itemListElement\":[{\"@type\":\"ListItem\",\"position\":1,\"name\":\"Home\",\"item\":\"https:\/\/www.bolzanodanza.it\/de\"},{\"@type\":\"ListItem\",\"position\":2,\"name\":\"Stefania Tansini &#8211; Und hier wird ein Text beginnen\"}]},{\"@type\":\"WebSite\",\"@id\":\"https:\/\/www.bolzanodanza.it\/de\/#website\",\"url\":\"https:\/\/www.bolzanodanza.it\/de\/\",\"name\":\"Tanz Bozen\",\"description\":\"Stiftung Haydn \",\"potentialAction\":[{\"@type\":\"SearchAction\",\"target\":{\"@type\":\"EntryPoint\",\"urlTemplate\":\"https:\/\/www.bolzanodanza.it\/de\/?s={search_term_string}\"},\"query-input\":{\"@type\":\"PropertyValueSpecification\",\"valueRequired\":true,\"valueName\":\"search_term_string\"}}],\"inLanguage\":\"de-DE\"}]}<\/script>\n<!-- \/ Yoast SEO plugin. -->","yoast_head_json":{"title":"Stefania Tansini - Und hier wird ein Text beginnen - Tanz Bozen","robots":{"index":"index","follow":"follow","max-snippet":"max-snippet:-1","max-image-preview":"max-image-preview:large","max-video-preview":"max-video-preview:-1"},"og_locale":"de_DE","og_type":"article","og_title":"Stefania Tansini - Und hier wird ein Text beginnen - Tanz Bozen","og_description":"Und hier beginnt ein Text \u00fcber den K\u00f6rper. \u00dcber den K\u00f6rper \u00dcber das Blau \u00dcber den K\u00f6rper \u00dcber R\u00e4ume und Zeit \u00dcber mich \u00dcber das Rot \u00dcber die Organe \u00dcber das Unaussprechbare \u00dcber das Unm\u00f6gliche, das unm\u00f6glich ist, das nicht m\u00f6glich ist \u00dcber die Haut, \u00fcber die Haut von wem. \u00dcber die Haut, die verloren [&hellip;]","og_url":"https:\/\/www.bolzanodanza.it\/de\/stefania-tansini-und-hier-wird-ein-text-beginnen","og_site_name":"Tanz Bozen","article_modified_time":"2025-07-24T14:30:41+00:00","og_image":[{"width":2250,"height":1260,"url":"https:\/\/www.bolzanodanza.it\/wp-content\/uploads\/2022\/05\/haydn-bolzano-danza-2022.jpg","type":"image\/jpeg"}],"twitter_card":"summary_large_image","twitter_misc":{"Gesch\u00e4tzte Lesezeit":"1 Minute"},"schema":{"@context":"https:\/\/schema.org","@graph":[{"@type":"WebPage","@id":"https:\/\/www.bolzanodanza.it\/de\/stefania-tansini-und-hier-wird-ein-text-beginnen","url":"https:\/\/www.bolzanodanza.it\/de\/stefania-tansini-und-hier-wird-ein-text-beginnen","name":"Stefania Tansini - Und hier wird ein Text beginnen - Tanz Bozen","isPartOf":{"@id":"https:\/\/www.bolzanodanza.it\/de\/#website"},"datePublished":"2025-07-14T12:22:50+00:00","dateModified":"2025-07-24T14:30:41+00:00","breadcrumb":{"@id":"https:\/\/www.bolzanodanza.it\/de\/stefania-tansini-und-hier-wird-ein-text-beginnen#breadcrumb"},"inLanguage":"de-DE","potentialAction":[{"@type":"ReadAction","target":["https:\/\/www.bolzanodanza.it\/de\/stefania-tansini-und-hier-wird-ein-text-beginnen"]}]},{"@type":"BreadcrumbList","@id":"https:\/\/www.bolzanodanza.it\/de\/stefania-tansini-und-hier-wird-ein-text-beginnen#breadcrumb","itemListElement":[{"@type":"ListItem","position":1,"name":"Home","item":"https:\/\/www.bolzanodanza.it\/de"},{"@type":"ListItem","position":2,"name":"Stefania Tansini &#8211; Und hier wird ein Text beginnen"}]},{"@type":"WebSite","@id":"https:\/\/www.bolzanodanza.it\/de\/#website","url":"https:\/\/www.bolzanodanza.it\/de\/","name":"Tanz Bozen","description":"Stiftung Haydn ","potentialAction":[{"@type":"SearchAction","target":{"@type":"EntryPoint","urlTemplate":"https:\/\/www.bolzanodanza.it\/de\/?s={search_term_string}"},"query-input":{"@type":"PropertyValueSpecification","valueRequired":true,"valueName":"search_term_string"}}],"inLanguage":"de-DE"}]}},"_links":{"self":[{"href":"https:\/\/www.bolzanodanza.it\/de\/wp-json\/wp\/v2\/pages\/141282","targetHints":{"allow":["GET"]}}],"collection":[{"href":"https:\/\/www.bolzanodanza.it\/de\/wp-json\/wp\/v2\/pages"}],"about":[{"href":"https:\/\/www.bolzanodanza.it\/de\/wp-json\/wp\/v2\/types\/page"}],"author":[{"embeddable":true,"href":"https:\/\/www.bolzanodanza.it\/de\/wp-json\/wp\/v2\/users\/11"}],"replies":[{"embeddable":true,"href":"https:\/\/www.bolzanodanza.it\/de\/wp-json\/wp\/v2\/comments?post=141282"}],"version-history":[{"count":0,"href":"https:\/\/www.bolzanodanza.it\/de\/wp-json\/wp\/v2\/pages\/141282\/revisions"}],"wp:attachment":[{"href":"https:\/\/www.bolzanodanza.it\/de\/wp-json\/wp\/v2\/media?parent=141282"}],"curies":[{"name":"wp","href":"https:\/\/api.w.org\/{rel}","templated":true}]}}