{"id":140314,"date":"2025-05-12T17:22:55","date_gmt":"2025-05-12T15:22:55","guid":{"rendered":"https:\/\/www.bolzanodanza.it\/?page_id=140314"},"modified":"2025-07-14T17:03:23","modified_gmt":"2025-07-14T15:03:23","slug":"boda-talk-chill-drink","status":"publish","type":"page","link":"https:\/\/www.bolzanodanza.it\/de\/boda-talk-chill-drink","title":{"rendered":"BoDA &#8211; Talk | Chill | Drink"},"content":{"rendered":"<p class=\"\" data-start=\"136\" data-end=\"389\"><strong data-start=\"136\" data-end=\"211\">\u00a0<\/strong><\/p>\n<p>Im Gr\u00fcnen des Kapuzinerparkes ist BoDA das pulsierende Herz des Festivals, ein Treffpunkt, an dem sich K\u00fcnstler:innen, B\u00fcrger:innen und Enthusiast:innen treffen, sich kennenlernen und gegenseitig bereichern.<br \/>\nEin Ort, an dem Kunst zum Alltag wird, zur geteilten Energie.<br \/>\nAls kreativer Knotenpunkt f\u00fcr K\u00fcnstler:innen, Mitarbeiter:innen und Publikum gedacht, l\u00e4dt das BoDA zu Momenten der Entspannung und Vernetzung ein \u2013 bei informellen Gespr\u00e4chen, inspirierenden Begegnungen und spontanem Austausch.<br \/>\nEr wird von einem Netzwerk von Freiwilligen mit Leben erf\u00fcllt, die den einladenden und gemeinschaftlichen Geist des Festivals verk\u00f6rpern.<\/p>\n<p><strong>Das BoDA-Programm? Vielf\u00e4ltig und mitrei\u00dfend!<br \/>\n<\/strong>Vom Fr\u00fchst\u00fcck mit den K\u00fcnstlern:innen \u00fcber Nachmittags-Talks bis hin zur <strong>Opening Party<\/strong> am Freitag, den 18. Juli, mit einem exklusiven <strong>Analog Techno Live Set<\/strong> des Mail\u00e4nder Kollektivs <strong>Cult Of Magic!<\/strong><\/p>\n<p>&nbsp;<\/p>\n<p>&nbsp;<\/p>\n<p><b>OPENING PARTY <\/b>\u2013 22:00 Uhr<\/p>\n<ul>\n<li data-start=\"935\" data-end=\"1296\"><b>18.07.25 | <\/b><a href=\"https:\/\/www.bolzanodanza.it\/eventi\/free-opening-party-boda\"><b>Cult of Magic<\/b> \u201c<b>Analog Techno Live Set\u201d<\/b><\/a><\/li>\n<\/ul>\n<p>&nbsp;<\/p>\n<p class=\"p1\"><b>MEET THE ARTISTS <\/b>\u2013 10:00 Uhr<\/p>\n<ul>\n<li class=\"p1\"><b>19.07.25 | <\/b><a href=\"https:\/\/www.bolzanodanza.it\/eventi\/ballet-preljocaj-5\"><b>Angelin Preljocaj <\/b><\/a>(EN)<\/li>\n<li class=\"p1\"><b>20.07.25 | <\/b><a href=\"https:\/\/www.bolzanodanza.it\/eventi\/ginevra-panzetti-enrico-ticconi-2\"><b>Ginevra Panzetti &amp; Enrico Ticconi <\/b><\/a>(IT)<\/li>\n<\/ul>\n<p>&nbsp;<\/p>\n<p class=\"p1\"><b>BORDER LAB TALK <\/b>\u2013 10:00 Uhr<\/p>\n<ul>\n<li class=\"p1\"><b>22.07.25 | <\/b><b><a href=\"https:\/\/www.bolzanodanza.it\/eventi\/cherish-menzo\">Cherish Menzo<\/a>, Verena Wisthaler &amp; Elisa Piras (Eurac Research<\/b>) (EN)<\/li>\n<\/ul>\n<p>&nbsp;<\/p>\n<p class=\"p1\"><b>MEET THE ARTISTS <\/b>\u2013 10:00 Uhr<\/p>\n<ul>\n<li class=\"p1\"><b>24.07.25 | <\/b><a href=\"https:\/\/www.bolzanodanza.it\/eventi\/francois-chaignaud-theo-mercier\"><b>Fran\u00e7ois Chaignaud <\/b><\/a>(EN)<\/li>\n<li class=\"p1\"><b>25.07.25 | <\/b><a href=\"https:\/\/www.bolzanodanza.it\/eventi\/stefania-tansini-2\"><b>Stefania Tansini <\/b><\/a>(IT)<\/li>\n<li class=\"p1\"><b>29.07.25 | <\/b><b><a href=\"https:\/\/www.bolzanodanza.it\/eventi\/marco-dagostin-3\">Marco D\u2019Agostin<\/a>, <a href=\"https:\/\/www.bolzanodanza.it\/eventi\/simone-lorenzo-benini-miriam-budzakova\">Simone Lorenzo Benini<\/a> &amp; <a href=\"https:\/\/www.bolzanodanza.it\/eventi\/simone-lorenzo-benini-miriam-budzakova\">Miriam Budz\u00e1kov\u00e1<\/a><\/b> (IT)<\/li>\n<li class=\"p1\"><b>30.07.25 | <\/b><a href=\"https:\/\/www.bolzanodanza.it\/eventi\/korper-centro-nazionale-di-produzione-della-danza\"><b>K\u00f6rper I Centro Nazionale di Produzione della Danza <\/b><\/a><br \/>\nSusanna Sastro, Adriano Bolognino, Giovanfrancesco Giannini, Francesco Marilungo (IT)<\/li>\n<li class=\"p1\"><b>31.07.25 | <\/b><a href=\"https:\/\/www.bolzanodanza.it\/eventi\/martin-zimmermann\"><b>Martin Zimmermann <\/b><\/a>(EN)<\/li>\n<\/ul>\n<p>&nbsp;<\/p>\n<p>&nbsp;<\/p>\n<p>T\u00e4glich ge\u00f6ffnet* von 10:00 bis 15:00 Uhr und von 18:00 Uhr bis Mitternacht<\/p>\n<p>&nbsp;<\/p>\n<p>*Am 18.07., 21.07., 28.07. und 01.08. ge\u00f6ffnet von 12.30 Uhr bis 15:00 Uhr und von 18:00 Uhr bis Mitternacht<br \/>\n**Am 31.07. ge\u00f6ffnet von 10:00 bis 15:00 Uhr<br \/>\n***Am 23.07., 26.07. und 27.07. geschlossen<\/p>\n","protected":false},"excerpt":{"rendered":"<p>\u00a0 Im Gr\u00fcnen des Kapuzinerparkes ist BoDA das pulsierende Herz des Festivals, ein Treffpunkt, an dem sich K\u00fcnstler:innen, B\u00fcrger:innen und Enthusiast:innen treffen, sich kennenlernen und gegenseitig bereichern. Ein Ort, an dem Kunst zum Alltag wird, zur geteilten Energie. Als kreativer Knotenpunkt f\u00fcr K\u00fcnstler:innen, Mitarbeiter:innen und Publikum gedacht, l\u00e4dt das BoDA zu Momenten der Entspannung und [&hellip;]<\/p>\n","protected":false},"author":16,"featured_media":0,"parent":0,"menu_order":0,"comment_status":"closed","ping_status":"closed","template":"","meta":{"_acf_changed":false,"footnotes":""},"class_list":["post-140314","page","type-page","status-publish","hentry"],"acf":[],"yoast_head":"<!-- This site is optimized with the Yoast SEO plugin v26.8 - https:\/\/yoast.com\/product\/yoast-seo-wordpress\/ -->\n<title>BoDA - Talk | Chill | Drink - Tanz Bozen<\/title>\n<meta name=\"robots\" content=\"index, follow, max-snippet:-1, max-image-preview:large, max-video-preview:-1\" \/>\n<meta property=\"og:locale\" content=\"de_DE\" \/>\n<meta property=\"og:type\" content=\"article\" \/>\n<meta property=\"og:title\" content=\"BoDA - Talk | Chill | Drink - Tanz Bozen\" \/>\n<meta property=\"og:description\" content=\"\u00a0 Im Gr\u00fcnen des Kapuzinerparkes ist BoDA das pulsierende Herz des Festivals, ein Treffpunkt, an dem sich K\u00fcnstler:innen, B\u00fcrger:innen und Enthusiast:innen treffen, sich kennenlernen und gegenseitig bereichern. Ein Ort, an dem Kunst zum Alltag wird, zur geteilten Energie. Als kreativer Knotenpunkt f\u00fcr K\u00fcnstler:innen, Mitarbeiter:innen und Publikum gedacht, l\u00e4dt das BoDA zu Momenten der Entspannung und [&hellip;]\" \/>\n<meta property=\"og:url\" content=\"https:\/\/www.bolzanodanza.it\/de\/boda-talk-chill-drink\" \/>\n<meta property=\"og:site_name\" content=\"Tanz Bozen\" \/>\n<meta property=\"article:modified_time\" content=\"2025-07-14T15:03:23+00:00\" \/>\n<meta property=\"og:image\" content=\"https:\/\/www.bolzanodanza.it\/wp-content\/uploads\/2022\/05\/haydn-bolzano-danza-2022.jpg\" \/>\n\t<meta property=\"og:image:width\" content=\"2250\" \/>\n\t<meta property=\"og:image:height\" content=\"1260\" \/>\n\t<meta property=\"og:image:type\" content=\"image\/jpeg\" \/>\n<meta name=\"twitter:card\" content=\"summary_large_image\" \/>\n<meta name=\"twitter:label1\" content=\"Gesch\u00e4tzte Lesezeit\" \/>\n\t<meta name=\"twitter:data1\" content=\"2 Minuten\" \/>\n<script type=\"application\/ld+json\" class=\"yoast-schema-graph\">{\"@context\":\"https:\/\/schema.org\",\"@graph\":[{\"@type\":\"WebPage\",\"@id\":\"https:\/\/www.bolzanodanza.it\/de\/boda-talk-chill-drink\",\"url\":\"https:\/\/www.bolzanodanza.it\/de\/boda-talk-chill-drink\",\"name\":\"BoDA - Talk | Chill | Drink - Tanz Bozen\",\"isPartOf\":{\"@id\":\"https:\/\/www.bolzanodanza.it\/de\/#website\"},\"datePublished\":\"2025-05-12T15:22:55+00:00\",\"dateModified\":\"2025-07-14T15:03:23+00:00\",\"breadcrumb\":{\"@id\":\"https:\/\/www.bolzanodanza.it\/de\/boda-talk-chill-drink#breadcrumb\"},\"inLanguage\":\"de-DE\",\"potentialAction\":[{\"@type\":\"ReadAction\",\"target\":[\"https:\/\/www.bolzanodanza.it\/de\/boda-talk-chill-drink\"]}]},{\"@type\":\"BreadcrumbList\",\"@id\":\"https:\/\/www.bolzanodanza.it\/de\/boda-talk-chill-drink#breadcrumb\",\"itemListElement\":[{\"@type\":\"ListItem\",\"position\":1,\"name\":\"Home\",\"item\":\"https:\/\/www.bolzanodanza.it\/de\"},{\"@type\":\"ListItem\",\"position\":2,\"name\":\"BoDA &#8211; Talk | Chill | Drink\"}]},{\"@type\":\"WebSite\",\"@id\":\"https:\/\/www.bolzanodanza.it\/de\/#website\",\"url\":\"https:\/\/www.bolzanodanza.it\/de\/\",\"name\":\"Tanz Bozen\",\"description\":\"Stiftung Haydn \",\"potentialAction\":[{\"@type\":\"SearchAction\",\"target\":{\"@type\":\"EntryPoint\",\"urlTemplate\":\"https:\/\/www.bolzanodanza.it\/de\/?s={search_term_string}\"},\"query-input\":{\"@type\":\"PropertyValueSpecification\",\"valueRequired\":true,\"valueName\":\"search_term_string\"}}],\"inLanguage\":\"de-DE\"}]}<\/script>\n<!-- \/ Yoast SEO plugin. -->","yoast_head_json":{"title":"BoDA - Talk | Chill | Drink - Tanz Bozen","robots":{"index":"index","follow":"follow","max-snippet":"max-snippet:-1","max-image-preview":"max-image-preview:large","max-video-preview":"max-video-preview:-1"},"og_locale":"de_DE","og_type":"article","og_title":"BoDA - Talk | Chill | Drink - Tanz Bozen","og_description":"\u00a0 Im Gr\u00fcnen des Kapuzinerparkes ist BoDA das pulsierende Herz des Festivals, ein Treffpunkt, an dem sich K\u00fcnstler:innen, B\u00fcrger:innen und Enthusiast:innen treffen, sich kennenlernen und gegenseitig bereichern. Ein Ort, an dem Kunst zum Alltag wird, zur geteilten Energie. Als kreativer Knotenpunkt f\u00fcr K\u00fcnstler:innen, Mitarbeiter:innen und Publikum gedacht, l\u00e4dt das BoDA zu Momenten der Entspannung und [&hellip;]","og_url":"https:\/\/www.bolzanodanza.it\/de\/boda-talk-chill-drink","og_site_name":"Tanz Bozen","article_modified_time":"2025-07-14T15:03:23+00:00","og_image":[{"width":2250,"height":1260,"url":"https:\/\/www.bolzanodanza.it\/wp-content\/uploads\/2022\/05\/haydn-bolzano-danza-2022.jpg","type":"image\/jpeg"}],"twitter_card":"summary_large_image","twitter_misc":{"Gesch\u00e4tzte Lesezeit":"2 Minuten"},"schema":{"@context":"https:\/\/schema.org","@graph":[{"@type":"WebPage","@id":"https:\/\/www.bolzanodanza.it\/de\/boda-talk-chill-drink","url":"https:\/\/www.bolzanodanza.it\/de\/boda-talk-chill-drink","name":"BoDA - Talk | Chill | Drink - Tanz Bozen","isPartOf":{"@id":"https:\/\/www.bolzanodanza.it\/de\/#website"},"datePublished":"2025-05-12T15:22:55+00:00","dateModified":"2025-07-14T15:03:23+00:00","breadcrumb":{"@id":"https:\/\/www.bolzanodanza.it\/de\/boda-talk-chill-drink#breadcrumb"},"inLanguage":"de-DE","potentialAction":[{"@type":"ReadAction","target":["https:\/\/www.bolzanodanza.it\/de\/boda-talk-chill-drink"]}]},{"@type":"BreadcrumbList","@id":"https:\/\/www.bolzanodanza.it\/de\/boda-talk-chill-drink#breadcrumb","itemListElement":[{"@type":"ListItem","position":1,"name":"Home","item":"https:\/\/www.bolzanodanza.it\/de"},{"@type":"ListItem","position":2,"name":"BoDA &#8211; Talk | Chill | Drink"}]},{"@type":"WebSite","@id":"https:\/\/www.bolzanodanza.it\/de\/#website","url":"https:\/\/www.bolzanodanza.it\/de\/","name":"Tanz Bozen","description":"Stiftung Haydn ","potentialAction":[{"@type":"SearchAction","target":{"@type":"EntryPoint","urlTemplate":"https:\/\/www.bolzanodanza.it\/de\/?s={search_term_string}"},"query-input":{"@type":"PropertyValueSpecification","valueRequired":true,"valueName":"search_term_string"}}],"inLanguage":"de-DE"}]}},"_links":{"self":[{"href":"https:\/\/www.bolzanodanza.it\/de\/wp-json\/wp\/v2\/pages\/140314","targetHints":{"allow":["GET"]}}],"collection":[{"href":"https:\/\/www.bolzanodanza.it\/de\/wp-json\/wp\/v2\/pages"}],"about":[{"href":"https:\/\/www.bolzanodanza.it\/de\/wp-json\/wp\/v2\/types\/page"}],"author":[{"embeddable":true,"href":"https:\/\/www.bolzanodanza.it\/de\/wp-json\/wp\/v2\/users\/16"}],"replies":[{"embeddable":true,"href":"https:\/\/www.bolzanodanza.it\/de\/wp-json\/wp\/v2\/comments?post=140314"}],"version-history":[{"count":0,"href":"https:\/\/www.bolzanodanza.it\/de\/wp-json\/wp\/v2\/pages\/140314\/revisions"}],"wp:attachment":[{"href":"https:\/\/www.bolzanodanza.it\/de\/wp-json\/wp\/v2\/media?parent=140314"}],"curies":[{"name":"wp","href":"https:\/\/api.w.org\/{rel}","templated":true}]}}