{"id":119,"date":"2022-03-29T09:34:58","date_gmt":"2022-03-29T07:34:58","guid":{"rendered":"https:\/\/www.bolzanodanza.it\/cookies"},"modified":"2022-08-26T12:16:34","modified_gmt":"2022-08-26T10:16:34","slug":"cookies","status":"publish","type":"page","link":"https:\/\/www.bolzanodanza.it\/de\/cookies","title":{"rendered":"Cookie Policy"},"content":{"rendered":"<p>Die Website www.bolzanodanza.it (\u201eWebsite\u201c) verwendet Cookies. Cookies sind kleine von einem Server erstellte Textdateien, die auf der Festplatte des Computers oder anderer vom Nutzer f\u00fcr den Internetzugang verwendeter Ger\u00e4te (Smartphone, Tablet usw.) gespeichert und beim n\u00e4chsten Internetbesuch an den Server zur\u00fcckgesendet werden. Cookies erm\u00f6glichen die Sammlung von Informationen \u00fcber das Surfverhalten des Nutzers auf der Website; zum Beispiel erinnern sie sich an Spracheinstellungen oder die f\u00fcr Eink\u00e4ufe gew\u00e4hlte W\u00e4hrung und schlagen sie beim n\u00e4chsten Besuch erneut vor, um die Nutzung zu erleichtern. Cookies k\u00f6nnen f\u00fcr einen variablen Zeitraum dauerhaft auf Ihrem Computer gespeichert werden (sog. permanente Cookies); sie k\u00f6nnen aber auch beim Schlie\u00dfen des Browsers gel\u00f6scht werden bzw. eine begrenzte Dauer haben (sog. Sitzungscookies). Cookies k\u00f6nnen von der Website installiert werden, die Sie besuchen (sog. Erstanbieter-Cookies), oder von anderen Websites (sog. Drittanbieter-Cookies). Unsere Website verwendet Erstanbieter-Cookies, Drittanbieter-Cookies und weitere \u00e4hnliche Technologien, wie nachstehend n\u00e4her beschrieben.<\/p>\n<h3>VERANTWORTLICHER DER VERARBEITUNG<\/h3>\n<p>Stiftung Haydn von Bozen und Trient \u2013 Gilmstra\u00dfe 1\/A, \u2013 39100 Bozen (BZ) \u2013 USt.-Id-Nr. 00665790218 (im Folgenden auch \u201eGesellschaft\u201c). Verantwortlich f\u00fcr den Datenschutz ist Federica Ziglio, Mazzinistra\u00dfe 14, 38122 Trient, Tel. 0461\/261768, <a href=\"mailto:info@ziglioassociati.it\">info@ziglioassociati.it<\/a>.<\/p>\n<h3>1 &#8211; ZWECK DER VERARBEITUNG<\/h3>\n<p>1.1 \u2013 Notwendige technische Cookies: Die Website verwendet Erstanbieter-Cookies, Sitzungscookies und permanente Cookies, damit Sie die Website sicher und effizient nutzen k\u00f6nnen und die angebotenen Dienstleistungen verbessert werden k\u00f6nnen. Es handelt sich um Cookies, die zum Beispiel die Erkennung der gew\u00e4hlten Sprache und des Landes erm\u00f6glichen, von dem aus der Nutzer auf die Website zugreift. Diese Cookies erkennen Sie bei einem erneuten Besuch der Website wieder, sodass Sie Ihre Daten nicht jedes Mal eingeben m\u00fcssen.<\/p>\n<h3>2 \u2013 RECHTSGRUNDLAGE DER VERARBEITUNG<\/h3>\n<p>2.1 \u2013 Notwendige technische Cookies: Die Verarbeitung dieser Daten ist aufgrund des berechtigten Interesse des Datenverantwortlichen gestattet. Dieser gew\u00e4hrleistet dadurch die Sicherheit und die optimale Funktionalit\u00e4t der Website und sch\u00fctzt damit seine Rechte.<\/p>\n<h3>3 \u2013 SPEICHERDAUER PERSONENBEZOGENER DATEN<\/h3>\n<p>Zur \u00dcberpr\u00fcfung der Speicherdauer der einzelnen Cookies nehmen Sie bitte auf die vollst\u00e4ndige <a href=\"#\" class=\"cm-open-cookie-notice cm-open-cookie-notice-shortcode-type-link\"><span class=\"cm-open-cookie-notice-span\">Cookie-Liste Bezug<\/span><\/a>.<\/p>\n<h3>4 \u2013 ART DER BEREITSTELLUNG DER DATEN<\/h3>\n<p>Beim Zugriff auf irgendeine der Seiten der Website erscheint ein Cookie-Banner, das eine kurze Information enth\u00e4lt. Das Schlie\u00dfen des Banners beinhaltet die Beibehaltung der Einstellungen und die Fortsetzung des Besuches ohne andere als technische Cookies. Ihre Einwilligung in die Verwendung anderer als technischer Cookies ist freiwillig und kann \u00fcber die Konfiguration der <a href=\"#\" class=\"cm-open-cookie-notice cm-open-cookie-notice-shortcode-type-link\"><span class=\"cm-open-cookie-notice-span\">Cookie-Pr\u00e4ferenzen<\/span><\/a> jederzeit widerrufen werden. Die Einwilligung in die Cookie-Verwendung wird mit einem \u201etechnischen Cookie\u201c gespeichert.<\/p>\n<h3>5 \u2013 IHRE RECHTE ALS VON DER VERARBEITUNG BETROFFENE PERSON<\/h3>\n<p>Durch Kontaktaufnahme mit der Gesellschaft per E-Mail unter <a href=\"mailto:info@haydn.it.it\">info@haydn.it.it<\/a> k\u00f6nnen Sie Auskunft \u00fcber Sie betreffende Daten erhalten, die L\u00f6schung, die Berichtigung unrichtiger und die Erg\u00e4nzung unvollst\u00e4ndiger Daten sowie die Einschr\u00e4nkung der Verarbeitung in den in Artikel 18 der DSGVO genannten F\u00e4llen verlangen und im Falle eines berechtigten Interesses der Gesellschaft Widerspruch gegen die Verarbeitung einlegen.<br \/>\nSofern die Verarbeitung sich auf Ihre Einwilligung oder auf einen Vertrag st\u00fctzt und mit automatisierten Verfahren durchgef\u00fchrt wird, haben Sie ferner das Recht, Ihre personenbezogenen Daten in einem strukturierten, g\u00e4ngigen und maschinenlesbaren Format zu erhalten und sie, sofern technisch machbar, einem anderen Verantwortlichen ohne Behinderung zu \u00fcbermitteln.<br \/>\nSie haben das Recht, Ihre Einwilligung in die Verarbeitung f\u00fcr Zwecke der Werbung und\/oder des Profiling jederzeit zu widerrufen, und k\u00f6nnen gegen die Datenverarbeitung zu Werbezwecken, einschlie\u00dflich des Profiling im Zusammenhang mit Direktwerbung, Widerspruch einlegen. Sofern Sie zu solchen Zwecken ausschlie\u00dflich \u00fcber traditionelle Kan\u00e4le kontaktiert werden m\u00f6chten, k\u00f6nnen Sie Ihren Widerspruch auf den Empfang automatisierter Mitteilungen beschr\u00e4nken.<br \/>\nSie haben das Recht, bei der zust\u00e4ndigen Aufsichtsbeh\u00f6rde des Mitgliedstaates, in dem Sie Ihren Hauptwohnsitz haben oder arbeiten, bzw. des Staates, in dem die mutma\u00dfliche Verletzung stattgefunden hat, Beschwerde einzulegen.<br \/>\nSie k\u00f6nnen die Speicherung von Cookies auf Ihrer Festplatte unterbinden, indem Sie die Cookies in Ihren Browsereinstellungen deaktivieren. Nachstehend werden die diesbez\u00fcglichen Verfahren der wichtigsten Browser genannt: <a href=\"https:\/\/support.google.com\/chrome\/answer\/95647?hl=it-it\" target=\"_blank\" rel=\"noopener\">Google Chrome<\/a>, <a href=\"https:\/\/support.apple.com\/it-it\/guide\/safari\/sfri11471\/mac#:~:text=Nell'app%20Safari%20sul%20Mac,il%20monitoraggio%20tra%20siti%20web%E2%80%9D\" target=\"_blank\" rel=\"noopener\">Safari<\/a>, <a href=\"https:\/\/support.mozilla.org\/it\/kb\/Bloccare%20i%20cookie\" target=\"_blank\" rel=\"noopener\">Mozilla Firefox<\/a>, <a href=\"https:\/\/support.microsoft.com\/it-it\/microsoft-edge\/eliminare-i-cookie-in-microsoft-edge-63947406-40ac-c3b8-57b9-2a946a29ae09#:~:text=Apri%20Microsoft%20Edge%20and%20seleziona,del%20sito%2C%20quindi%20Cancella%20ora\" target=\"_blank\" rel=\"noopener\">Microsoft Edge<\/a>.<\/p>\n<p>Nach diesem Vorgang werden einige Funktionen der Webseiten eventuell nicht mehr korrekt ausgef\u00fchrt.<\/p>\n<h3>6 \u2013 MERKMALE DER VON DER WEBSITE VERWENDETEN COOKIES UND VERWALTUNG DER PR\u00c4FERENZEN<\/h3>\n<p>Klicken Sie auf den folgenden Link, um die vollst\u00e4ndige Liste der verwendeten Cookies einzusehen und Ihre Pr\u00e4ferenzen im Einzelnen einzustellen: <a href=\"#\" class=\"cm-open-cookie-notice cm-open-cookie-notice-shortcode-type-button\"><span class=\"cm-open-cookie-notice-span\">Cookie Vollst\u00e4ndige Liste<\/span><\/a><\/p>\n<h3>7 \u2013 ZUR VERARBEITUNG BEFUGTE PERSONEN<\/h3>\n<p>Die durch Cookies erhobenen Daten werden von Arbeitnehmern und Mitarbeitern der Gesellschaft oder externen Personen in der Eigenschaft als beauftragte Personen und Auftragsverarbeiter verarbeitet, die im Auftrag der Gesellschaft technische und organisatorische Aufgaben im Zusammenhang mit der Website ausf\u00fchren. Wenn Sie eine vollst\u00e4ndige, aktualisierte Liste der von der Gesellschaft ernannten Auftragsverarbeiter erhalten m\u00f6chten, schreiben Sie per E-Mail an <a href=\"mailto:info@haydn.it.it\">info@haydn.it.it<\/a>.<\/p>\n","protected":false},"excerpt":{"rendered":"<p>Die Website www.bolzanodanza.it (\u201eWebsite\u201c) verwendet Cookies. Cookies sind kleine von einem Server erstellte Textdateien, die auf der Festplatte des Computers oder anderer vom Nutzer f\u00fcr den Internetzugang verwendeter Ger\u00e4te (Smartphone, Tablet usw.) gespeichert und beim n\u00e4chsten Internetbesuch an den Server zur\u00fcckgesendet werden. Cookies erm\u00f6glichen die Sammlung von Informationen \u00fcber das Surfverhalten des Nutzers auf der [&hellip;]<\/p>\n","protected":false},"author":2,"featured_media":0,"parent":0,"menu_order":0,"comment_status":"closed","ping_status":"closed","template":"","meta":{"_acf_changed":false,"footnotes":""},"class_list":["post-119","page","type-page","status-publish","hentry"],"acf":[],"yoast_head":"<!-- This site is optimized with the Yoast SEO plugin v26.8 - https:\/\/yoast.com\/product\/yoast-seo-wordpress\/ -->\n<title>Cookie Policy - Tanz Bozen<\/title>\n<meta name=\"robots\" content=\"index, follow, max-snippet:-1, max-image-preview:large, max-video-preview:-1\" \/>\n<meta property=\"og:locale\" content=\"de_DE\" \/>\n<meta property=\"og:type\" content=\"article\" \/>\n<meta property=\"og:title\" content=\"Cookie Policy - Tanz Bozen\" \/>\n<meta property=\"og:description\" content=\"Die Website www.bolzanodanza.it (\u201eWebsite\u201c) verwendet Cookies. Cookies sind kleine von einem Server erstellte Textdateien, die auf der Festplatte des Computers oder anderer vom Nutzer f\u00fcr den Internetzugang verwendeter Ger\u00e4te (Smartphone, Tablet usw.) gespeichert und beim n\u00e4chsten Internetbesuch an den Server zur\u00fcckgesendet werden. Cookies erm\u00f6glichen die Sammlung von Informationen \u00fcber das Surfverhalten des Nutzers auf der [&hellip;]\" \/>\n<meta property=\"og:url\" content=\"https:\/\/www.bolzanodanza.it\/de\/cookies\" \/>\n<meta property=\"og:site_name\" content=\"Tanz Bozen\" \/>\n<meta property=\"article:modified_time\" content=\"2022-08-26T10:16:34+00:00\" \/>\n<meta property=\"og:image\" content=\"https:\/\/www.bolzanodanza.it\/wp-content\/uploads\/2022\/05\/haydn-bolzano-danza-2022.jpg\" \/>\n\t<meta property=\"og:image:width\" content=\"2250\" \/>\n\t<meta property=\"og:image:height\" content=\"1260\" \/>\n\t<meta property=\"og:image:type\" content=\"image\/jpeg\" \/>\n<meta name=\"twitter:card\" content=\"summary_large_image\" \/>\n<meta name=\"twitter:label1\" content=\"Gesch\u00e4tzte Lesezeit\" \/>\n\t<meta name=\"twitter:data1\" content=\"4 Minuten\" \/>\n<script type=\"application\/ld+json\" class=\"yoast-schema-graph\">{\"@context\":\"https:\/\/schema.org\",\"@graph\":[{\"@type\":\"WebPage\",\"@id\":\"https:\/\/www.bolzanodanza.it\/de\/cookies\",\"url\":\"https:\/\/www.bolzanodanza.it\/de\/cookies\",\"name\":\"Cookie Policy - Tanz Bozen\",\"isPartOf\":{\"@id\":\"https:\/\/www.bolzanodanza.it\/de\/#website\"},\"datePublished\":\"2022-03-29T07:34:58+00:00\",\"dateModified\":\"2022-08-26T10:16:34+00:00\",\"breadcrumb\":{\"@id\":\"https:\/\/www.bolzanodanza.it\/de\/cookies#breadcrumb\"},\"inLanguage\":\"de-DE\",\"potentialAction\":[{\"@type\":\"ReadAction\",\"target\":[\"https:\/\/www.bolzanodanza.it\/de\/cookies\"]}]},{\"@type\":\"BreadcrumbList\",\"@id\":\"https:\/\/www.bolzanodanza.it\/de\/cookies#breadcrumb\",\"itemListElement\":[{\"@type\":\"ListItem\",\"position\":1,\"name\":\"Home\",\"item\":\"https:\/\/www.bolzanodanza.it\/de\"},{\"@type\":\"ListItem\",\"position\":2,\"name\":\"Cookie Policy\"}]},{\"@type\":\"WebSite\",\"@id\":\"https:\/\/www.bolzanodanza.it\/de\/#website\",\"url\":\"https:\/\/www.bolzanodanza.it\/de\/\",\"name\":\"Tanz Bozen\",\"description\":\"Stiftung Haydn \",\"potentialAction\":[{\"@type\":\"SearchAction\",\"target\":{\"@type\":\"EntryPoint\",\"urlTemplate\":\"https:\/\/www.bolzanodanza.it\/de\/?s={search_term_string}\"},\"query-input\":{\"@type\":\"PropertyValueSpecification\",\"valueRequired\":true,\"valueName\":\"search_term_string\"}}],\"inLanguage\":\"de-DE\"}]}<\/script>\n<!-- \/ Yoast SEO plugin. -->","yoast_head_json":{"title":"Cookie Policy - Tanz Bozen","robots":{"index":"index","follow":"follow","max-snippet":"max-snippet:-1","max-image-preview":"max-image-preview:large","max-video-preview":"max-video-preview:-1"},"og_locale":"de_DE","og_type":"article","og_title":"Cookie Policy - Tanz Bozen","og_description":"Die Website www.bolzanodanza.it (\u201eWebsite\u201c) verwendet Cookies. Cookies sind kleine von einem Server erstellte Textdateien, die auf der Festplatte des Computers oder anderer vom Nutzer f\u00fcr den Internetzugang verwendeter Ger\u00e4te (Smartphone, Tablet usw.) gespeichert und beim n\u00e4chsten Internetbesuch an den Server zur\u00fcckgesendet werden. Cookies erm\u00f6glichen die Sammlung von Informationen \u00fcber das Surfverhalten des Nutzers auf der [&hellip;]","og_url":"https:\/\/www.bolzanodanza.it\/de\/cookies","og_site_name":"Tanz Bozen","article_modified_time":"2022-08-26T10:16:34+00:00","og_image":[{"width":2250,"height":1260,"url":"https:\/\/www.bolzanodanza.it\/wp-content\/uploads\/2022\/05\/haydn-bolzano-danza-2022.jpg","type":"image\/jpeg"}],"twitter_card":"summary_large_image","twitter_misc":{"Gesch\u00e4tzte Lesezeit":"4 Minuten"},"schema":{"@context":"https:\/\/schema.org","@graph":[{"@type":"WebPage","@id":"https:\/\/www.bolzanodanza.it\/de\/cookies","url":"https:\/\/www.bolzanodanza.it\/de\/cookies","name":"Cookie Policy - Tanz Bozen","isPartOf":{"@id":"https:\/\/www.bolzanodanza.it\/de\/#website"},"datePublished":"2022-03-29T07:34:58+00:00","dateModified":"2022-08-26T10:16:34+00:00","breadcrumb":{"@id":"https:\/\/www.bolzanodanza.it\/de\/cookies#breadcrumb"},"inLanguage":"de-DE","potentialAction":[{"@type":"ReadAction","target":["https:\/\/www.bolzanodanza.it\/de\/cookies"]}]},{"@type":"BreadcrumbList","@id":"https:\/\/www.bolzanodanza.it\/de\/cookies#breadcrumb","itemListElement":[{"@type":"ListItem","position":1,"name":"Home","item":"https:\/\/www.bolzanodanza.it\/de"},{"@type":"ListItem","position":2,"name":"Cookie Policy"}]},{"@type":"WebSite","@id":"https:\/\/www.bolzanodanza.it\/de\/#website","url":"https:\/\/www.bolzanodanza.it\/de\/","name":"Tanz Bozen","description":"Stiftung Haydn ","potentialAction":[{"@type":"SearchAction","target":{"@type":"EntryPoint","urlTemplate":"https:\/\/www.bolzanodanza.it\/de\/?s={search_term_string}"},"query-input":{"@type":"PropertyValueSpecification","valueRequired":true,"valueName":"search_term_string"}}],"inLanguage":"de-DE"}]}},"_links":{"self":[{"href":"https:\/\/www.bolzanodanza.it\/de\/wp-json\/wp\/v2\/pages\/119","targetHints":{"allow":["GET"]}}],"collection":[{"href":"https:\/\/www.bolzanodanza.it\/de\/wp-json\/wp\/v2\/pages"}],"about":[{"href":"https:\/\/www.bolzanodanza.it\/de\/wp-json\/wp\/v2\/types\/page"}],"author":[{"embeddable":true,"href":"https:\/\/www.bolzanodanza.it\/de\/wp-json\/wp\/v2\/users\/2"}],"replies":[{"embeddable":true,"href":"https:\/\/www.bolzanodanza.it\/de\/wp-json\/wp\/v2\/comments?post=119"}],"version-history":[{"count":0,"href":"https:\/\/www.bolzanodanza.it\/de\/wp-json\/wp\/v2\/pages\/119\/revisions"}],"wp:attachment":[{"href":"https:\/\/www.bolzanodanza.it\/de\/wp-json\/wp\/v2\/media?parent=119"}],"curies":[{"name":"wp","href":"https:\/\/api.w.org\/{rel}","templated":true}]}}