{"id":1112,"date":"2022-03-30T14:11:25","date_gmt":"2022-03-30T12:11:25","guid":{"rendered":"https:\/\/www.bolzanodanza.it\/programma"},"modified":"2025-05-13T23:07:14","modified_gmt":"2025-05-13T21:07:14","slug":"programma","status":"publish","type":"page","link":"https:\/\/www.bolzanodanza.it\/de\/programma","title":{"rendered":"Programm"},"content":{"rendered":"<p>Schon immer war Tanz Bozen aufs engste mit S\u00fcdtirol verkn\u00fcpft: mit seinen Menschen, seinem Lebensgef\u00fchl und seiner Sch\u00f6nheit \u2013 mit der offensichtlichen genauso wie mit der verborgenen. Neben etablierten Veranstaltungsst\u00e4tten wie dem Stadttheater Bozen und verschiedenen Parks w\u00e4hlen wir deshalb immer auch neue und \u00fcberraschende Locations. Ein Museum im Berg, ein futuristischer Technologiepark, die Natur hautnah an ber\u00fchmten Dolomitengipfeln \u2013 das sind einige der Locations von Tanz Bozen.<\/p>\n<p>Ein Festival, das so reibungslos abl\u00e4uft, ist nur durch den unerm\u00fcdlichen Einsatz und das Engagement eines gro\u00dfen Teams aus festen und freien Mitarbeitenden m\u00f6glich: Unsere Freelancer:innen, Techniker:innen und Freiwilligen planen alles bis ins kleinste Detail \u2013 vom Programm bis zur nationalen und lokalen Pressearbeit, vom B\u00fchnenaufbau bis zur Beleuchtung, von den Fotos \u00fcber die Videoaufnahmen bis hin zum Empfang des Publikums und der Versorgung der K\u00fcnstler:innen. Ihnen allen ein herzliches Dankesch\u00f6n f\u00fcr ihren Einsatz f\u00fcr Bolzano Danza!<\/p>\n","protected":false},"excerpt":{"rendered":"<p>Schon immer war Tanz Bozen aufs engste mit S\u00fcdtirol verkn\u00fcpft: mit seinen Menschen, seinem Lebensgef\u00fchl und seiner Sch\u00f6nheit \u2013 mit der offensichtlichen genauso wie mit der verborgenen. Neben etablierten Veranstaltungsst\u00e4tten wie dem Stadttheater Bozen und verschiedenen Parks w\u00e4hlen wir deshalb immer auch neue und \u00fcberraschende Locations. Ein Museum im Berg, ein futuristischer Technologiepark, die Natur [&hellip;]<\/p>\n","protected":false},"author":2,"featured_media":0,"parent":0,"menu_order":0,"comment_status":"closed","ping_status":"closed","template":"page-programma.php","meta":{"_acf_changed":false,"footnotes":""},"class_list":["post-1112","page","type-page","status-publish","hentry"],"acf":[],"yoast_head":"<!-- This site is optimized with the Yoast SEO plugin v26.8 - https:\/\/yoast.com\/product\/yoast-seo-wordpress\/ -->\n<title>Programm - Tanz Bozen<\/title>\n<meta name=\"robots\" content=\"index, follow, max-snippet:-1, max-image-preview:large, max-video-preview:-1\" \/>\n<meta property=\"og:locale\" content=\"de_DE\" \/>\n<meta property=\"og:type\" content=\"article\" \/>\n<meta property=\"og:title\" content=\"Programm - Tanz Bozen\" \/>\n<meta property=\"og:description\" content=\"Schon immer war Tanz Bozen aufs engste mit S\u00fcdtirol verkn\u00fcpft: mit seinen Menschen, seinem Lebensgef\u00fchl und seiner Sch\u00f6nheit \u2013 mit der offensichtlichen genauso wie mit der verborgenen. Neben etablierten Veranstaltungsst\u00e4tten wie dem Stadttheater Bozen und verschiedenen Parks w\u00e4hlen wir deshalb immer auch neue und \u00fcberraschende Locations. Ein Museum im Berg, ein futuristischer Technologiepark, die Natur [&hellip;]\" \/>\n<meta property=\"og:url\" content=\"https:\/\/www.bolzanodanza.it\/de\/programma\" \/>\n<meta property=\"og:site_name\" content=\"Tanz Bozen\" \/>\n<meta property=\"article:modified_time\" content=\"2025-05-13T21:07:14+00:00\" \/>\n<meta property=\"og:image\" content=\"https:\/\/www.bolzanodanza.it\/wp-content\/uploads\/2026\/05\/BZD-web-header-1.png\" \/>\n\t<meta property=\"og:image:width\" content=\"2250\" \/>\n\t<meta property=\"og:image:height\" content=\"1260\" \/>\n\t<meta property=\"og:image:type\" content=\"image\" \/>\n<meta name=\"twitter:card\" content=\"summary_large_image\" \/>\n<meta name=\"twitter:image\" content=\"https:\/\/www.bolzanodanza.it\/wp-content\/uploads\/2026\/05\/BZD-web-header-1.png\" \/>\n<meta name=\"twitter:label1\" content=\"Gesch\u00e4tzte Lesezeit\" \/>\n\t<meta name=\"twitter:data1\" content=\"2 Minuten\" \/>\n<script type=\"application\/ld+json\" class=\"yoast-schema-graph\">{\"@context\":\"https:\/\/schema.org\",\"@graph\":[{\"@type\":\"WebPage\",\"@id\":\"https:\/\/www.bolzanodanza.it\/de\/programma\",\"url\":\"https:\/\/www.bolzanodanza.it\/de\/programma\",\"name\":\"Programm - Tanz Bozen\",\"isPartOf\":{\"@id\":\"https:\/\/www.bolzanodanza.it\/de\/#website\"},\"datePublished\":\"2022-03-30T12:11:25+00:00\",\"dateModified\":\"2025-05-13T21:07:14+00:00\",\"breadcrumb\":{\"@id\":\"https:\/\/www.bolzanodanza.it\/de\/programma#breadcrumb\"},\"inLanguage\":\"de-DE\",\"potentialAction\":[{\"@type\":\"ReadAction\",\"target\":[\"https:\/\/www.bolzanodanza.it\/de\/programma\"]}]},{\"@type\":\"BreadcrumbList\",\"@id\":\"https:\/\/www.bolzanodanza.it\/de\/programma#breadcrumb\",\"itemListElement\":[{\"@type\":\"ListItem\",\"position\":1,\"name\":\"Home\",\"item\":\"https:\/\/www.bolzanodanza.it\/de\"},{\"@type\":\"ListItem\",\"position\":2,\"name\":\"Programm\"}]},{\"@type\":\"WebSite\",\"@id\":\"https:\/\/www.bolzanodanza.it\/de\/#website\",\"url\":\"https:\/\/www.bolzanodanza.it\/de\/\",\"name\":\"Tanz Bozen\",\"description\":\"Stiftung Haydn \",\"potentialAction\":[{\"@type\":\"SearchAction\",\"target\":{\"@type\":\"EntryPoint\",\"urlTemplate\":\"https:\/\/www.bolzanodanza.it\/de\/?s={search_term_string}\"},\"query-input\":{\"@type\":\"PropertyValueSpecification\",\"valueRequired\":true,\"valueName\":\"search_term_string\"}}],\"inLanguage\":\"de-DE\"}]}<\/script>\n<!-- \/ Yoast SEO plugin. -->","yoast_head_json":{"title":"Programm - Tanz Bozen","robots":{"index":"index","follow":"follow","max-snippet":"max-snippet:-1","max-image-preview":"max-image-preview:large","max-video-preview":"max-video-preview:-1"},"og_locale":"de_DE","og_type":"article","og_title":"Programm - Tanz Bozen","og_description":"Schon immer war Tanz Bozen aufs engste mit S\u00fcdtirol verkn\u00fcpft: mit seinen Menschen, seinem Lebensgef\u00fchl und seiner Sch\u00f6nheit \u2013 mit der offensichtlichen genauso wie mit der verborgenen. Neben etablierten Veranstaltungsst\u00e4tten wie dem Stadttheater Bozen und verschiedenen Parks w\u00e4hlen wir deshalb immer auch neue und \u00fcberraschende Locations. Ein Museum im Berg, ein futuristischer Technologiepark, die Natur [&hellip;]","og_url":"https:\/\/www.bolzanodanza.it\/de\/programma","og_site_name":"Tanz Bozen","article_modified_time":"2025-05-13T21:07:14+00:00","og_image":[{"url":"https:\/\/www.bolzanodanza.it\/wp-content\/uploads\/2026\/05\/BZD-web-header-1.png","width":2250,"height":1260,"type":"image"}],"twitter_card":"summary_large_image","twitter_image":"https:\/\/www.bolzanodanza.it\/wp-content\/uploads\/2026\/05\/BZD-web-header-1.png","twitter_misc":{"Gesch\u00e4tzte Lesezeit":"2 Minuten"},"schema":{"@context":"https:\/\/schema.org","@graph":[{"@type":"WebPage","@id":"https:\/\/www.bolzanodanza.it\/de\/programma","url":"https:\/\/www.bolzanodanza.it\/de\/programma","name":"Programm - Tanz Bozen","isPartOf":{"@id":"https:\/\/www.bolzanodanza.it\/de\/#website"},"datePublished":"2022-03-30T12:11:25+00:00","dateModified":"2025-05-13T21:07:14+00:00","breadcrumb":{"@id":"https:\/\/www.bolzanodanza.it\/de\/programma#breadcrumb"},"inLanguage":"de-DE","potentialAction":[{"@type":"ReadAction","target":["https:\/\/www.bolzanodanza.it\/de\/programma"]}]},{"@type":"BreadcrumbList","@id":"https:\/\/www.bolzanodanza.it\/de\/programma#breadcrumb","itemListElement":[{"@type":"ListItem","position":1,"name":"Home","item":"https:\/\/www.bolzanodanza.it\/de"},{"@type":"ListItem","position":2,"name":"Programm"}]},{"@type":"WebSite","@id":"https:\/\/www.bolzanodanza.it\/de\/#website","url":"https:\/\/www.bolzanodanza.it\/de\/","name":"Tanz Bozen","description":"Stiftung Haydn ","potentialAction":[{"@type":"SearchAction","target":{"@type":"EntryPoint","urlTemplate":"https:\/\/www.bolzanodanza.it\/de\/?s={search_term_string}"},"query-input":{"@type":"PropertyValueSpecification","valueRequired":true,"valueName":"search_term_string"}}],"inLanguage":"de-DE"}]}},"_links":{"self":[{"href":"https:\/\/www.bolzanodanza.it\/de\/wp-json\/wp\/v2\/pages\/1112","targetHints":{"allow":["GET"]}}],"collection":[{"href":"https:\/\/www.bolzanodanza.it\/de\/wp-json\/wp\/v2\/pages"}],"about":[{"href":"https:\/\/www.bolzanodanza.it\/de\/wp-json\/wp\/v2\/types\/page"}],"author":[{"embeddable":true,"href":"https:\/\/www.bolzanodanza.it\/de\/wp-json\/wp\/v2\/users\/2"}],"replies":[{"embeddable":true,"href":"https:\/\/www.bolzanodanza.it\/de\/wp-json\/wp\/v2\/comments?post=1112"}],"version-history":[{"count":0,"href":"https:\/\/www.bolzanodanza.it\/de\/wp-json\/wp\/v2\/pages\/1112\/revisions"}],"wp:attachment":[{"href":"https:\/\/www.bolzanodanza.it\/de\/wp-json\/wp\/v2\/media?parent=1112"}],"curies":[{"name":"wp","href":"https:\/\/api.w.org\/{rel}","templated":true}]}}