{"id":1107,"date":"2022-04-01T11:20:11","date_gmt":"2022-04-01T09:20:11","guid":{"rendered":"https:\/\/www.bolzanodanza.it\/festival"},"modified":"2025-06-12T12:26:25","modified_gmt":"2025-06-12T10:26:25","slug":"festival","status":"publish","type":"page","link":"https:\/\/www.bolzanodanza.it\/de\/festival","title":{"rendered":"Das Festival"},"content":{"rendered":"<p>Tanz Bozen ist national und international eines der bedeutendsten Festivals f\u00fcr zeitgen\u00f6ssischen Tanz. Jeden Juli versetzt es Bozen in Schwingung und lockt ein neugieriges Publikum in die Stadt. Die Stiftung Haydn, seit 2015 Organisator des Festivals, legt Wert auf ein inklusives, partizipatives und nachhaltiges Festival, das eine diverse Gesellschaft widerspiegelt und globale Ver\u00e4nderungen in die universelle Sprache des Tanzes \u00fcbertr\u00e4gt.<\/p>\n<p>Herausragende zeitgen\u00f6ssische Choreografien, internationale G\u00e4ste und unterschiedliche Genres verschmelzen zu einem facettenreichen Programm. Dreh- und Angelpunkt des Festivals ist das Bozner Stadttheater. Daneben werden auch zahlreiche weitere Orte in der Stadt bespielt. Die Workshops, die das S\u00fcdtiroler Kulturinstitut organisiert, erlauben es Interessierten, erste Erfahrungen in den verschiedensten Tanzstilen zu sammeln oder ihre F\u00e4higkeiten auszubauen.<\/p>\n<p><strong>Anouk Aspisi<\/strong> (Montpellier, 1968) ist eine Kulturmanagerin mit langj\u00e4hriger Erfahrung in Frankreich und Italien \u2013 aber nicht nur. Sie hat einen Bachelor in Politikwissenschaften von der Universit\u00e4t Montpellier und einen Master in Kommunikation und Medien von der Audiencia Business School in Nantes. In ihrer f\u00fcnfundzwanzigj\u00e4hrigen Laufbahn arbeitete sie abwechselnd f\u00fcr bekannte Arbeitgeber des \u00f6ffentlichen und privaten Sektors. Das sogenannte Audience Development liegt ihr besonders am Herzen; aus diesem Grund sucht sie bei der Gestaltung ihrer k\u00fcnstlerischen Projekte vor allem den Dialog mit dem Publikum. Sie arbeitete beim Romaeuropa Festival f\u00fcr internationale Beziehungen (2000\u20132004), bei der Fran\u00e7ois-Pinault-Stiftung in Venedig (2008\u20132010) und am Institut fran\u00e7ais Italia als Kulturreferentin (2012\u20132017). Hier konzipierte sie die multidisziplin\u00e4re Spielzeit <em>La Francia in Scena<\/em>. Au\u00dferdem arbeitete sie als Generalsekret\u00e4rin bei der Stiftung Nuovi Mecenati (2013\u20132018) und beim Maison de la Danse in Lyon (2018\u20132022). Bei der Accademia di Santa Cecilia in Rom gab sie 2017 bis 2018 ein kurzes Intermezzo. Schlie\u00dflich war sie von 2022 bis 2024 Beraterin der franz\u00f6sischen Kulturministerin Rima Abdul Malak und dort zust\u00e4ndig f\u00fcr Live-Performances, Festivals, Musik und bildende Kunst.<\/p>\n<p>Nach einer au\u00dfergew\u00f6hnlichen internationalen Karriere als T\u00e4nzer widmet sich <strong>Olivier Dubois<\/strong> (Colmar, 1972) seit 2006 der Choreografie. Mit seinem Erstlingswerk <em>Pour tout l\u2019or du monde<\/em> gewann er den Prix Jardin d\u2019Europe, einen europ\u00e4ischen Preis f\u00fcr junge Choreograf:innen in Wien. Gro\u00dfe Erfolge feierten auch seine Choreografien <em>Faune(s) <\/em>f\u00fcr das Festival von Avignon (2008), <em>Spectre<\/em> f\u00fcr Les Ballets de Monte-Carlo (2010) und <em>L\u2019homme de l\u2019Atlantique<\/em>, ein Pas de deux f\u00fcr die Biennale de la Danse in Lyon. Die Arbeiten an seiner Trilogie <em>\u00c9tude critique pour un trompe-l\u2019\u0153il<\/em> begann er 2009 mit dem St\u00fcck <em>R\u00e9volution<\/em>, gefolgt von dem Solo<em> Rouge<\/em> (2011) und <em>Trag\u00e9die<\/em> (2012). F\u00fcr die Europ\u00e4ische Kulturhauptstadt Marseille inszenierte er 2013 <em>\u00c9l\u00e9gie<\/em> f\u00fcr das Ballet National de Marseille und 2019 <em>Come out <\/em>f\u00fcr das Ballet de Lorraine. 2013 gewann er den italienischen Kritikerpreis Danza&amp;Danza; 2014 wurde er vom franz\u00f6sischen Kulturministerium zum Direktor des Ballet du Nord-Centre Chor\u00e9graphique National de Roubaix ernannt. Ausgezeichnet wurde er au\u00dferdem mit dem Prix Fedora Van Cleef &amp; Arpels. 2019 wurde ihm der Titel Chevalier des Arts et des Lettres verliehen. Dubois war mehrfach Gast bei Bolzano Danza, f\u00fcr das er eigens Choreografien schuf wie etwa <em>Les M\u00e9moires d\u2019un seigneur<\/em> (2015), <em>Swan Blast<\/em> (2019), <em>For Gods Only\/Sacre #3<\/em> (2024).<\/p>\n<p>Die Stiftung Haydn von Bozen und Trient z\u00e4hlt zu den renommiertesten Kulturinstitutionen Trentino-S\u00fcdtirols. Sie bringt Orchestermusik, Oper und Tanz auf h\u00f6chstem Niveau auf die B\u00fchnen der Region. Ihre Arbeit belebt den Austausch zwischen den Kulturen und m\u00f6chte zudem einen Beitrag zur sozialen und individuellen Entwicklung der Menschen leisten. Seit 2015 organisiert die Stiftung das Festival Tanz Bozen, das sich mit gro\u00dfem Augenmerk auf Inklusion und Nachhaltigkeit, vor allem aber mit seiner Offenheit f\u00fcr neue Stile und Ausdrucksformen einen Namen gemacht hat.<\/p>\n","protected":false},"excerpt":{"rendered":"<p>Tanz Bozen ist national und international eines der bedeutendsten Festivals f\u00fcr zeitgen\u00f6ssischen Tanz. Jeden Juli versetzt es Bozen in Schwingung und lockt ein neugieriges Publikum in die Stadt. Die Stiftung Haydn, seit 2015 Organisator des Festivals, legt Wert auf ein inklusives, partizipatives und nachhaltiges Festival, das eine diverse Gesellschaft widerspiegelt und globale Ver\u00e4nderungen in die [&hellip;]<\/p>\n","protected":false},"author":2,"featured_media":0,"parent":0,"menu_order":0,"comment_status":"closed","ping_status":"closed","template":"page-festival.php","meta":{"_acf_changed":false,"footnotes":""},"class_list":["post-1107","page","type-page","status-publish","hentry"],"acf":[],"yoast_head":"<!-- This site is optimized with the Yoast SEO plugin v26.8 - https:\/\/yoast.com\/product\/yoast-seo-wordpress\/ -->\n<title>Das Festival - Tanz Bozen<\/title>\n<meta name=\"robots\" content=\"index, follow, max-snippet:-1, max-image-preview:large, max-video-preview:-1\" \/>\n<meta property=\"og:locale\" content=\"de_DE\" \/>\n<meta property=\"og:type\" content=\"article\" \/>\n<meta property=\"og:title\" content=\"Das Festival - Tanz Bozen\" \/>\n<meta property=\"og:description\" content=\"Tanz Bozen ist national und international eines der bedeutendsten Festivals f\u00fcr zeitgen\u00f6ssischen Tanz. Jeden Juli versetzt es Bozen in Schwingung und lockt ein neugieriges Publikum in die Stadt. Die Stiftung Haydn, seit 2015 Organisator des Festivals, legt Wert auf ein inklusives, partizipatives und nachhaltiges Festival, das eine diverse Gesellschaft widerspiegelt und globale Ver\u00e4nderungen in die [&hellip;]\" \/>\n<meta property=\"og:url\" content=\"https:\/\/www.bolzanodanza.it\/de\/festival\" \/>\n<meta property=\"og:site_name\" content=\"Tanz Bozen\" \/>\n<meta property=\"article:modified_time\" content=\"2025-06-12T10:26:25+00:00\" \/>\n<meta property=\"og:image\" content=\"https:\/\/www.bolzanodanza.it\/wp-content\/uploads\/2022\/05\/bolzano-danza-festival.jpg\" \/>\n\t<meta property=\"og:image:width\" content=\"1970\" \/>\n\t<meta property=\"og:image:height\" content=\"1130\" \/>\n\t<meta property=\"og:image:type\" content=\"image\" \/>\n<meta name=\"twitter:card\" content=\"summary_large_image\" \/>\n<meta name=\"twitter:image\" content=\"https:\/\/www.bolzanodanza.it\/wp-content\/uploads\/2022\/05\/bolzano-danza-festival.jpg\" \/>\n<meta name=\"twitter:label1\" content=\"Gesch\u00e4tzte Lesezeit\" \/>\n\t<meta name=\"twitter:data1\" content=\"4 Minuten\" \/>\n<script type=\"application\/ld+json\" class=\"yoast-schema-graph\">{\"@context\":\"https:\/\/schema.org\",\"@graph\":[{\"@type\":\"WebPage\",\"@id\":\"https:\/\/www.bolzanodanza.it\/de\/festival\",\"url\":\"https:\/\/www.bolzanodanza.it\/de\/festival\",\"name\":\"Das Festival - Tanz Bozen\",\"isPartOf\":{\"@id\":\"https:\/\/www.bolzanodanza.it\/de\/#website\"},\"datePublished\":\"2022-04-01T09:20:11+00:00\",\"dateModified\":\"2025-06-12T10:26:25+00:00\",\"breadcrumb\":{\"@id\":\"https:\/\/www.bolzanodanza.it\/de\/festival#breadcrumb\"},\"inLanguage\":\"de-DE\",\"potentialAction\":[{\"@type\":\"ReadAction\",\"target\":[\"https:\/\/www.bolzanodanza.it\/de\/festival\"]}]},{\"@type\":\"BreadcrumbList\",\"@id\":\"https:\/\/www.bolzanodanza.it\/de\/festival#breadcrumb\",\"itemListElement\":[{\"@type\":\"ListItem\",\"position\":1,\"name\":\"Home\",\"item\":\"https:\/\/www.bolzanodanza.it\/de\"},{\"@type\":\"ListItem\",\"position\":2,\"name\":\"Das Festival\"}]},{\"@type\":\"WebSite\",\"@id\":\"https:\/\/www.bolzanodanza.it\/de\/#website\",\"url\":\"https:\/\/www.bolzanodanza.it\/de\/\",\"name\":\"Tanz Bozen\",\"description\":\"Stiftung Haydn \",\"potentialAction\":[{\"@type\":\"SearchAction\",\"target\":{\"@type\":\"EntryPoint\",\"urlTemplate\":\"https:\/\/www.bolzanodanza.it\/de\/?s={search_term_string}\"},\"query-input\":{\"@type\":\"PropertyValueSpecification\",\"valueRequired\":true,\"valueName\":\"search_term_string\"}}],\"inLanguage\":\"de-DE\"}]}<\/script>\n<!-- \/ Yoast SEO plugin. -->","yoast_head_json":{"title":"Das Festival - Tanz Bozen","robots":{"index":"index","follow":"follow","max-snippet":"max-snippet:-1","max-image-preview":"max-image-preview:large","max-video-preview":"max-video-preview:-1"},"og_locale":"de_DE","og_type":"article","og_title":"Das Festival - Tanz Bozen","og_description":"Tanz Bozen ist national und international eines der bedeutendsten Festivals f\u00fcr zeitgen\u00f6ssischen Tanz. Jeden Juli versetzt es Bozen in Schwingung und lockt ein neugieriges Publikum in die Stadt. Die Stiftung Haydn, seit 2015 Organisator des Festivals, legt Wert auf ein inklusives, partizipatives und nachhaltiges Festival, das eine diverse Gesellschaft widerspiegelt und globale Ver\u00e4nderungen in die [&hellip;]","og_url":"https:\/\/www.bolzanodanza.it\/de\/festival","og_site_name":"Tanz Bozen","article_modified_time":"2025-06-12T10:26:25+00:00","og_image":[{"url":"https:\/\/www.bolzanodanza.it\/wp-content\/uploads\/2022\/05\/bolzano-danza-festival.jpg","width":1970,"height":1130,"type":"image"}],"twitter_card":"summary_large_image","twitter_image":"https:\/\/www.bolzanodanza.it\/wp-content\/uploads\/2022\/05\/bolzano-danza-festival.jpg","twitter_misc":{"Gesch\u00e4tzte Lesezeit":"4 Minuten"},"schema":{"@context":"https:\/\/schema.org","@graph":[{"@type":"WebPage","@id":"https:\/\/www.bolzanodanza.it\/de\/festival","url":"https:\/\/www.bolzanodanza.it\/de\/festival","name":"Das Festival - Tanz Bozen","isPartOf":{"@id":"https:\/\/www.bolzanodanza.it\/de\/#website"},"datePublished":"2022-04-01T09:20:11+00:00","dateModified":"2025-06-12T10:26:25+00:00","breadcrumb":{"@id":"https:\/\/www.bolzanodanza.it\/de\/festival#breadcrumb"},"inLanguage":"de-DE","potentialAction":[{"@type":"ReadAction","target":["https:\/\/www.bolzanodanza.it\/de\/festival"]}]},{"@type":"BreadcrumbList","@id":"https:\/\/www.bolzanodanza.it\/de\/festival#breadcrumb","itemListElement":[{"@type":"ListItem","position":1,"name":"Home","item":"https:\/\/www.bolzanodanza.it\/de"},{"@type":"ListItem","position":2,"name":"Das Festival"}]},{"@type":"WebSite","@id":"https:\/\/www.bolzanodanza.it\/de\/#website","url":"https:\/\/www.bolzanodanza.it\/de\/","name":"Tanz Bozen","description":"Stiftung Haydn ","potentialAction":[{"@type":"SearchAction","target":{"@type":"EntryPoint","urlTemplate":"https:\/\/www.bolzanodanza.it\/de\/?s={search_term_string}"},"query-input":{"@type":"PropertyValueSpecification","valueRequired":true,"valueName":"search_term_string"}}],"inLanguage":"de-DE"}]}},"_links":{"self":[{"href":"https:\/\/www.bolzanodanza.it\/de\/wp-json\/wp\/v2\/pages\/1107","targetHints":{"allow":["GET"]}}],"collection":[{"href":"https:\/\/www.bolzanodanza.it\/de\/wp-json\/wp\/v2\/pages"}],"about":[{"href":"https:\/\/www.bolzanodanza.it\/de\/wp-json\/wp\/v2\/types\/page"}],"author":[{"embeddable":true,"href":"https:\/\/www.bolzanodanza.it\/de\/wp-json\/wp\/v2\/users\/2"}],"replies":[{"embeddable":true,"href":"https:\/\/www.bolzanodanza.it\/de\/wp-json\/wp\/v2\/comments?post=1107"}],"version-history":[{"count":0,"href":"https:\/\/www.bolzanodanza.it\/de\/wp-json\/wp\/v2\/pages\/1107\/revisions"}],"wp:attachment":[{"href":"https:\/\/www.bolzanodanza.it\/de\/wp-json\/wp\/v2\/media?parent=1107"}],"curies":[{"name":"wp","href":"https:\/\/api.w.org\/{rel}","templated":true}]}}